{"id":849,"date":"2022-10-27T09:18:46","date_gmt":"2022-10-27T09:18:46","guid":{"rendered":"https:\/\/staging.os-zagradec.si\/?page_id=849"},"modified":"2025-07-23T06:49:12","modified_gmt":"2025-07-23T06:49:12","slug":"zunanji-uporabniki","status":"publish","type":"page","link":"https:\/\/os-zagradec.si\/?page_id=849","title":{"rendered":"ZUNANJI UPORABNIKI"},"content":{"rendered":"\n<p><\/p>\n\n\n\n<h3 class=\"wp-block-heading\"><strong>JAVNI RAZPIS ZA NAJEM OZIROMA UPORABO \u0160OLSKIH PROSTOROV ZA \u0160OLSKO LETO 2025\/2026<\/strong><\/h3>\n\n\n\n<p>Objavljamo javni razpis za oddajo \u0161olskih prostorov v najem za \u0161olsko leto 2025\/2026.<\/p>\n\n\n\n<p>Spodaj objavljamo dokumente v zvezi z javnim razpisom:<\/p>\n\n\n\n<ul class=\"wp-block-list\">\n<li><a href=\"https:\/\/os-zagradec.si\/wp-content\/uploads\/2025\/07\/Javni-razpis-za-najem-oz.-uporabo-prostorov-OS-Zagradec-2025-2026.pdf\">Javni razpis za najem oz. uporabo in kori\u0161\u010denje prostorov v O\u0160 Zagradec<\/a> 25\/26<\/li>\n\n\n\n<li><a href=\"https:\/\/os-zagradec.si\/wp-content\/uploads\/2025\/07\/Vloga-za-uporabo-najem-prostorov.docx\">Vloga za uporabo oz. najem prostorov<\/a> 25\/26<\/li>\n<\/ul>\n\n\n\n\n\n<p><\/p>\n","protected":false},"excerpt":{"rendered":"<p>JAVNI RAZPIS ZA NAJEM OZIROMA UPORABO \u0160OLSKIH PROSTOROV ZA \u0160OLSKO LETO 2025\/2026 Objavljamo javni razpis za oddajo \u0161olskih prostorov v najem za \u0161olsko leto 2025\/2026. Spodaj objavljamo dokumente v zvezi z javnim razpisom:<\/p>\n","protected":false},"author":1,"featured_media":0,"parent":0,"menu_order":0,"comment_status":"closed","ping_status":"closed","template":"","meta":{"footnotes":""},"class_list":["post-849","page","type-page","status-publish","hentry"],"_links":{"self":[{"href":"https:\/\/os-zagradec.si\/index.php?rest_route=\/wp\/v2\/pages\/849","targetHints":{"allow":["GET"]}}],"collection":[{"href":"https:\/\/os-zagradec.si\/index.php?rest_route=\/wp\/v2\/pages"}],"about":[{"href":"https:\/\/os-zagradec.si\/index.php?rest_route=\/wp\/v2\/types\/page"}],"author":[{"embeddable":true,"href":"https:\/\/os-zagradec.si\/index.php?rest_route=\/wp\/v2\/users\/1"}],"replies":[{"embeddable":true,"href":"https:\/\/os-zagradec.si\/index.php?rest_route=%2Fwp%2Fv2%2Fcomments&post=849"}],"version-history":[{"count":1,"href":"https:\/\/os-zagradec.si\/index.php?rest_route=\/wp\/v2\/pages\/849\/revisions"}],"predecessor-version":[{"id":6482,"href":"https:\/\/os-zagradec.si\/index.php?rest_route=\/wp\/v2\/pages\/849\/revisions\/6482"}],"wp:attachment":[{"href":"https:\/\/os-zagradec.si\/index.php?rest_route=%2Fwp%2Fv2%2Fmedia&parent=849"}],"curies":[{"name":"wp","href":"https:\/\/api.w.org\/{rel}","templated":true}]}}