{"id":820,"date":"2022-10-26T09:16:59","date_gmt":"2022-10-26T09:16:59","guid":{"rendered":"https:\/\/staging.os-zagradec.si\/?page_id=820"},"modified":"2022-11-29T09:36:05","modified_gmt":"2022-11-29T09:36:05","slug":"hvala-donatorjem-za","status":"publish","type":"page","link":"https:\/\/os-zagradec.si\/?page_id=820","title":{"rendered":"ZAHVALA IN PRISPEVKI"},"content":{"rendered":"\n<h3 class=\"wp-block-heading\">Zahvaljujemo se vsem donatorjem ter u\u010dencem in star\u0161em, ki skrbno zbirate in prina\u0161ate odpadni papir.<\/h3>\n\n\n\n<p><\/p>\n\n\n<div  class=\"ultp-post-grid-block wp-block-ultimate-post-post-list-3 ultp-block-9e570a\"><div class=\"ultp-block-wrapper\"><div class=\"ultp-loading\"><div class=\"ultp-loading-blocks\" style=\"width:100%;height:100%;\"><div style=\"left: 0;top: 0;animation-delay:0s;\"><\/div><div style=\"left: 21px;top: 0;animation-delay:0.125s;\"><\/div><div style=\"left: 42px;top: 0;animation-delay:0.25s;\"><\/div><div style=\"left: 0;top: 21px;animation-delay:0.875s;\"><\/div><div style=\"left: 42px;top: 21px;animation-delay:0.375s;\"><\/div><div style=\"left: 0;top: 42px;animation-delay:0.75s;\"><\/div><div style=\"left: 42px;top: 42px;animation-delay:0.625s;\"><\/div><div style=\"left: 21px;top: 42px;animation-delay:0.5s;\"><\/div><\/div><\/div><div class=\"ultp-heading-filter\"><div class=\"ultp-heading-filter-in\"><div class=\"ultp-filter-navigation\"><div class=\"ultp-filter-wrap\" data-taxtype=category data-blockid=\"9e570a\" data-blockname=\"ultimate-post_post-list-3\" data-postid=\"820\"data-selfpostid=\"no\"><ul class=\"ultp-flex-menu\" data-name=\"More\"><li class=\"filter-item\"><a data-taxonomy=\"solski-sklad-prispevki\" href=\"#\">\u0160OLSKI SKLAD<\/a><\/li><li class=\"filter-item\"><a data-taxonomy=\"solski-sklad\" href=\"#\">\u0160OLSKI SKLAD<\/a><\/li><\/ul><\/div><\/div><\/div><\/div><div class=\"ultp-block-items-wrap ultp-block-row ultp-block-column-1 ultp-block-content-middle ultp-layout1\"><div class=\"ultp-block-item ultp-block-media post-id-7462\"><div class=\"ultp-block-content-wrap\"><div class=\"ultp-block-image ultp-block-image-opacity\"><a href=\"https:\/\/os-zagradec.si\/?p=7462\" ><img decoding=\"async\"  alt=\"No\u010d knjige 2026 na O\u0160 Zagradec: Po Jur\u010di\u010devih poteh \u2013 zgodbe na\u0161ih krajev\"  src=\"https:\/\/os-zagradec.si\/wp-content\/uploads\/2026\/04\/5igramacek-600x600.jpg\" \/><\/a><\/div><div class=\"ultp-block-content\"><div class=\"ultp-category-grid ultp-category-classic ultp-category-aboveTitle\"><div class=\"ultp-category-in\"><a class=\"ultp-cat-prispevki\" href=\"https:\/\/os-zagradec.si\/?cat=6\"  >PRISPEVKI<\/a><\/div><\/div><h3 class=\"ultp-block-title \"><a href=\"https:\/\/os-zagradec.si\/?p=7462\" >No\u010d knjige 2026 na O\u0160 Zagradec: Po Jur\u010di\u010devih poteh \u2013 zgodbe na\u0161ih krajev<\/a><\/h3><div class=\"ultp-block-meta ultp-block-meta-dot ultp-block-meta-icon\"><span class=\"ultp-block-author ultp-block-meta-element\"><svg xmlns=\"http:\/\/www.w3.org\/2000\/svg\" fill=\"none\" viewBox=\"0 0 24 24\">\n  <circle cx=\"12\" cy=\"7\" r=\"4\" stroke=\"currentColor\" stroke-linejoin=\"round\" stroke-width=\"1.5\"\/>\n  <path stroke=\"currentColor\" stroke-linecap=\"round\" stroke-linejoin=\"round\" stroke-width=\"1.5\" d=\"M4 21v-3a4 4 0 0 1 4-4h8a4 4 0 0 1 4 4v3\"\/>\n<\/svg>\n<a class=\"\" href=\"javascript:void(0)\">admin<\/a><\/span><span class=\"ultp-block-date ultp-block-meta-element\"><svg xmlns=\"http:\/\/www.w3.org\/2000\/svg\" fill=\"none\" viewBox=\"0 0 24 24\">\n  <path stroke=\"currentColor\" stroke-linecap=\"round\" stroke-linejoin=\"round\" stroke-width=\"1.5\" d=\"M3 5.5a2 2 0 0 1 2-2h14a2 2 0 0 1 2 2v14a2 2 0 0 1-2 2H5a2 2 0 0 1-2-2v-14ZM8 2v3m8-3v3M3 9h18\"\/>\n<\/svg>\nApr 22, 2026<\/span><\/div><div class=\"ultp-block-excerpt\"><p>Na Osnovni \u0161oli Zagradec smo tudi v leto\u0161njem \u0161olskem letu pripravili priljubljeni dogodek No\u010d knjige, ki se je oz. bo zaradi izjemnega interesa u\u010dencev letos izvedel kar dvakrat \u2013 aprila in maja. Na prvo aprilsko izvedbo smo povabili u\u010dence 4.,&hellip;<\/p>\n<\/div><div class=\"ultp-block-readmore\"><a aria-label=\"No\u010d knjige 2026 na O\u0160 Zagradec: Po Jur\u010di\u010devih poteh \u2013 zgodbe na\u0161ih krajev\" href=\"https:\/\/os-zagradec.si\/?p=7462\" >Read More<\/a><\/div><\/div><\/div><\/div><div class=\"ultp-block-item ultp-block-media post-id-7399\"><div class=\"ultp-block-content-wrap\"><div class=\"ultp-block-image ultp-block-image-opacity\"><a href=\"https:\/\/os-zagradec.si\/?p=7399\" ><img decoding=\"async\"  alt=\"OBMO\u010cNA REVIJA OTRO\u0160KIH IN MLADINSKIH PEVSKIH ZBOROV 2026\"  src=\"https:\/\/os-zagradec.si\/wp-content\/uploads\/2026\/04\/SLIKA-6-600x600.jpeg\" \/><\/a><\/div><div class=\"ultp-block-content\"><div class=\"ultp-category-grid ultp-category-classic ultp-category-aboveTitle\"><div class=\"ultp-category-in\"><a class=\"ultp-cat-prispevki\" href=\"https:\/\/os-zagradec.si\/?cat=6\"  >PRISPEVKI<\/a><\/div><\/div><h3 class=\"ultp-block-title \"><a href=\"https:\/\/os-zagradec.si\/?p=7399\" >OBMO\u010cNA REVIJA OTRO\u0160KIH IN MLADINSKIH PEVSKIH ZBOROV 2026<\/a><\/h3><div class=\"ultp-block-meta ultp-block-meta-dot ultp-block-meta-icon\"><span class=\"ultp-block-author ultp-block-meta-element\"><svg xmlns=\"http:\/\/www.w3.org\/2000\/svg\" fill=\"none\" viewBox=\"0 0 24 24\">\n  <circle cx=\"12\" cy=\"7\" r=\"4\" stroke=\"currentColor\" stroke-linejoin=\"round\" stroke-width=\"1.5\"\/>\n  <path stroke=\"currentColor\" stroke-linecap=\"round\" stroke-linejoin=\"round\" stroke-width=\"1.5\" d=\"M4 21v-3a4 4 0 0 1 4-4h8a4 4 0 0 1 4 4v3\"\/>\n<\/svg>\n<a class=\"\" href=\"javascript:void(0)\">KatjaG<\/a><\/span><span class=\"ultp-block-date ultp-block-meta-element\"><svg xmlns=\"http:\/\/www.w3.org\/2000\/svg\" fill=\"none\" viewBox=\"0 0 24 24\">\n  <path stroke=\"currentColor\" stroke-linecap=\"round\" stroke-linejoin=\"round\" stroke-width=\"1.5\" d=\"M3 5.5a2 2 0 0 1 2-2h14a2 2 0 0 1 2 2v14a2 2 0 0 1-2 2H5a2 2 0 0 1-2-2v-14ZM8 2v3m8-3v3M3 9h18\"\/>\n<\/svg>\nApr 16, 2026<\/span><\/div><div class=\"ultp-block-excerpt\"><p>V sredo, 8. aprila 2026, je Osnovna \u0161ola Sti\u010dna postala sredi\u0161\u010de glasbenega dogajanja, saj so gostili nepozabno&nbsp;obmo\u010dno revijo otro\u0161kih in mladinskih pevskih zborov. Odri so o\u017eiveli, dvorano pa je napolnil otro\u0161ki smeh in ubrana pesem, ki je prevzela vse zbrane.&hellip;<\/p>\n<\/div><div class=\"ultp-block-readmore\"><a aria-label=\"OBMO\u010cNA REVIJA OTRO\u0160KIH IN MLADINSKIH PEVSKIH ZBOROV 2026\" href=\"https:\/\/os-zagradec.si\/?p=7399\" >Read More<\/a><\/div><\/div><\/div><\/div><div class=\"ultp-block-item ultp-block-media post-id-7295\"><div class=\"ultp-block-content-wrap\"><div class=\"ultp-block-image ultp-block-image-opacity\"><a href=\"https:\/\/os-zagradec.si\/?p=7295\" ><img decoding=\"async\"  alt=\"Bilo je naelektreno! \u010cetrto\u0161olci ukrotili elektriko na O\u0160 Zagradec\"  src=\"https:\/\/os-zagradec.si\/wp-content\/uploads\/2026\/04\/20260409_082904-600x600.jpg\" \/><\/a><\/div><div class=\"ultp-block-content\"><div class=\"ultp-category-grid ultp-category-classic ultp-category-aboveTitle\"><div class=\"ultp-category-in\"><a class=\"ultp-cat-prispevki\" href=\"https:\/\/os-zagradec.si\/?cat=6\"  >PRISPEVKI<\/a><\/div><\/div><h3 class=\"ultp-block-title \"><a href=\"https:\/\/os-zagradec.si\/?p=7295\" >Bilo je naelektreno! \u010cetrto\u0161olci ukrotili elektriko na O\u0160 Zagradec<\/a><\/h3><div class=\"ultp-block-meta ultp-block-meta-dot ultp-block-meta-icon\"><span class=\"ultp-block-author ultp-block-meta-element\"><svg xmlns=\"http:\/\/www.w3.org\/2000\/svg\" fill=\"none\" viewBox=\"0 0 24 24\">\n  <circle cx=\"12\" cy=\"7\" r=\"4\" stroke=\"currentColor\" stroke-linejoin=\"round\" stroke-width=\"1.5\"\/>\n  <path stroke=\"currentColor\" stroke-linecap=\"round\" stroke-linejoin=\"round\" stroke-width=\"1.5\" d=\"M4 21v-3a4 4 0 0 1 4-4h8a4 4 0 0 1 4 4v3\"\/>\n<\/svg>\n<a class=\"\" href=\"javascript:void(0)\">KatjaG<\/a><\/span><span class=\"ultp-block-date ultp-block-meta-element\"><svg xmlns=\"http:\/\/www.w3.org\/2000\/svg\" fill=\"none\" viewBox=\"0 0 24 24\">\n  <path stroke=\"currentColor\" stroke-linecap=\"round\" stroke-linejoin=\"round\" stroke-width=\"1.5\" d=\"M3 5.5a2 2 0 0 1 2-2h14a2 2 0 0 1 2 2v14a2 2 0 0 1-2 2H5a2 2 0 0 1-2-2v-14ZM8 2v3m8-3v3M3 9h18\"\/>\n<\/svg>\nApr 14, 2026<\/span><\/div><div class=\"ultp-block-excerpt\"><p>V \u010detrtek, 9. aprila, na O\u0160 Zagradec nismo potrebovali kave, da bi nas &#8220;prebudilo&#8221;. Energija je bila namre\u010d v zraku \u017ee od samega jutra! U\u010denci 4. razredov iz Zagradca, Krke in Ambrusa so namre\u010d zdru\u017eili mo\u010di na tehni\u0161kem dnevu, kjer&hellip;<\/p>\n<\/div><div class=\"ultp-block-readmore\"><a aria-label=\"Bilo je naelektreno! \u010cetrto\u0161olci ukrotili elektriko na O\u0160 Zagradec\" href=\"https:\/\/os-zagradec.si\/?p=7295\" >Read More<\/a><\/div><\/div><\/div><\/div><div class=\"ultp-block-item ultp-block-media post-id-7291\"><div class=\"ultp-block-content-wrap\"><div class=\"ultp-block-image ultp-block-image-opacity\"><a href=\"https:\/\/os-zagradec.si\/?p=7291\" ><img decoding=\"async\"  alt=\"\u0160ola v naravi Cerkno 7. razredi\"  src=\"https:\/\/os-zagradec.si\/wp-content\/uploads\/2026\/04\/20260413_105740-600x600.jpg\" \/><\/a><\/div><div class=\"ultp-block-content\"><div class=\"ultp-category-grid ultp-category-classic ultp-category-aboveTitle\"><div class=\"ultp-category-in\"><a class=\"ultp-cat-prispevki\" href=\"https:\/\/os-zagradec.si\/?cat=6\"  >PRISPEVKI<\/a><\/div><\/div><h3 class=\"ultp-block-title \"><a href=\"https:\/\/os-zagradec.si\/?p=7291\" >\u0160ola v naravi Cerkno 7. razredi<\/a><\/h3><div class=\"ultp-block-meta ultp-block-meta-dot ultp-block-meta-icon\"><span class=\"ultp-block-author ultp-block-meta-element\"><svg xmlns=\"http:\/\/www.w3.org\/2000\/svg\" fill=\"none\" viewBox=\"0 0 24 24\">\n  <circle cx=\"12\" cy=\"7\" r=\"4\" stroke=\"currentColor\" stroke-linejoin=\"round\" stroke-width=\"1.5\"\/>\n  <path stroke=\"currentColor\" stroke-linecap=\"round\" stroke-linejoin=\"round\" stroke-width=\"1.5\" d=\"M4 21v-3a4 4 0 0 1 4-4h8a4 4 0 0 1 4 4v3\"\/>\n<\/svg>\n<a class=\"\" href=\"javascript:void(0)\">admin<\/a><\/span><span class=\"ultp-block-date ultp-block-meta-element\"><svg xmlns=\"http:\/\/www.w3.org\/2000\/svg\" fill=\"none\" viewBox=\"0 0 24 24\">\n  <path stroke=\"currentColor\" stroke-linecap=\"round\" stroke-linejoin=\"round\" stroke-width=\"1.5\" d=\"M3 5.5a2 2 0 0 1 2-2h14a2 2 0 0 1 2 2v14a2 2 0 0 1-2 2H5a2 2 0 0 1-2-2v-14ZM8 2v3m8-3v3M3 9h18\"\/>\n<\/svg>\nApr 13, 2026<\/span><\/div><div class=\"ultp-block-excerpt\"><p>V ponedeljek pred kosilom smo spoznali center Cerkna preko &#8216;fotolova&#8217;, po kosilu pa smo imeli \u0161portne igre in fitnes na prostem. V torek je po odli\u010dnem zajtrku sledil dooolg pohod po okolici Cerknega, popoldne pa smo se zabavali na delavnici&hellip;<\/p>\n<\/div><div class=\"ultp-block-readmore\"><a aria-label=\"\u0160ola v naravi Cerkno 7. razredi\" href=\"https:\/\/os-zagradec.si\/?p=7291\" >Read More<\/a><\/div><\/div><\/div><\/div><div class=\"ultp-block-item ultp-block-media post-id-7280\"><div class=\"ultp-block-content-wrap\"><div class=\"ultp-block-image ultp-block-image-opacity\"><a href=\"https:\/\/os-zagradec.si\/?p=7280\" ><img decoding=\"async\"  alt=\"RAZISKOVALNI DAN NA LJUBLJANSKEM BARJU\"  src=\"https:\/\/os-zagradec.si\/wp-content\/uploads\/2026\/04\/20260409_091638-600x600.jpg\" \/><\/a><\/div><div class=\"ultp-block-content\"><div class=\"ultp-category-grid ultp-category-classic ultp-category-aboveTitle\"><div class=\"ultp-category-in\"><a class=\"ultp-cat-prispevki\" href=\"https:\/\/os-zagradec.si\/?cat=6\"  >PRISPEVKI<\/a><\/div><\/div><h3 class=\"ultp-block-title \"><a href=\"https:\/\/os-zagradec.si\/?p=7280\" >RAZISKOVALNI DAN NA LJUBLJANSKEM BARJU<\/a><\/h3><div class=\"ultp-block-meta ultp-block-meta-dot ultp-block-meta-icon\"><span class=\"ultp-block-author ultp-block-meta-element\"><svg xmlns=\"http:\/\/www.w3.org\/2000\/svg\" fill=\"none\" viewBox=\"0 0 24 24\">\n  <circle cx=\"12\" cy=\"7\" r=\"4\" stroke=\"currentColor\" stroke-linejoin=\"round\" stroke-width=\"1.5\"\/>\n  <path stroke=\"currentColor\" stroke-linecap=\"round\" stroke-linejoin=\"round\" stroke-width=\"1.5\" d=\"M4 21v-3a4 4 0 0 1 4-4h8a4 4 0 0 1 4 4v3\"\/>\n<\/svg>\n<a class=\"\" href=\"javascript:void(0)\">KatjaG<\/a><\/span><span class=\"ultp-block-date ultp-block-meta-element\"><svg xmlns=\"http:\/\/www.w3.org\/2000\/svg\" fill=\"none\" viewBox=\"0 0 24 24\">\n  <path stroke=\"currentColor\" stroke-linecap=\"round\" stroke-linejoin=\"round\" stroke-width=\"1.5\" d=\"M3 5.5a2 2 0 0 1 2-2h14a2 2 0 0 1 2 2v14a2 2 0 0 1-2 2H5a2 2 0 0 1-2-2v-14ZM8 2v3m8-3v3M3 9h18\"\/>\n<\/svg>\nApr 10, 2026<\/span><\/div><div class=\"ultp-block-excerpt\"><p>V\u010deraj smo se peto\u0161olci odpravili na zanimiv izlet na Ljubljansko barje, kjer smo raziskovali posebnosti tega edinstvenega mo\u010dvirnatega obmo\u010dja. Pred nami se je razprostirala makadamska pot, zelen travnik, v daljavi pa se nam je ob sinje modrem nebu ponujal \u010dudovit&hellip;<\/p>\n<\/div><div class=\"ultp-block-readmore\"><a aria-label=\"RAZISKOVALNI DAN NA LJUBLJANSKEM BARJU\" href=\"https:\/\/os-zagradec.si\/?p=7280\" >Read More<\/a><\/div><\/div><\/div><\/div><\/div><div class=\"ultp-loadmore\"><span class=\"ultp-loadmore-action\" tabindex=\"0\" role=\"button\" data-pages=\"49\" data-pagenum=\"1\"  data-expost=\"\" data-blockid=\"9e570a\" data-blockname=\"ultimate-post_post-list-3\" data-postid=\"820\" data-selfpostid=\"no\">Nalo\u017ei ve\u010d <span class=\"ultp-spin\"><svg xmlns=\"http:\/\/www.w3.org\/2000\/svg\" fill=\"none\" viewBox=\"0 0 24 24\">\n  <path stroke=\"currentColor\" stroke-linecap=\"round\" stroke-linejoin=\"round\" stroke-width=\"1.5\" d=\"M21 12a9 9 0 0 1-17 4.127M3 12a9 9 0 0 1 17-4.127M20 3v5h-5M4 21v-5h5\"\/>\n<\/svg>\n<\/span><\/span><\/div><\/div><div class=\"pagination-block-html\" aria-hidden=\"true\" style=\"display: none;\"><\/div><\/div>","protected":false},"excerpt":{"rendered":"<p>Zahvaljujemo se vsem donatorjem ter u\u010dencem in star\u0161em, ki skrbno zbirate in prina\u0161ate odpadni papir.<\/p>\n","protected":false},"author":1,"featured_media":0,"parent":0,"menu_order":0,"comment_status":"closed","ping_status":"closed","template":"","meta":{"footnotes":""},"class_list":["post-820","page","type-page","status-publish","hentry"],"_links":{"self":[{"href":"https:\/\/os-zagradec.si\/index.php?rest_route=\/wp\/v2\/pages\/820","targetHints":{"allow":["GET"]}}],"collection":[{"href":"https:\/\/os-zagradec.si\/index.php?rest_route=\/wp\/v2\/pages"}],"about":[{"href":"https:\/\/os-zagradec.si\/index.php?rest_route=\/wp\/v2\/types\/page"}],"author":[{"embeddable":true,"href":"https:\/\/os-zagradec.si\/index.php?rest_route=\/wp\/v2\/users\/1"}],"replies":[{"embeddable":true,"href":"https:\/\/os-zagradec.si\/index.php?rest_route=%2Fwp%2Fv2%2Fcomments&post=820"}],"version-history":[{"count":2,"href":"https:\/\/os-zagradec.si\/index.php?rest_route=\/wp\/v2\/pages\/820\/revisions"}],"predecessor-version":[{"id":3629,"href":"https:\/\/os-zagradec.si\/index.php?rest_route=\/wp\/v2\/pages\/820\/revisions\/3629"}],"wp:attachment":[{"href":"https:\/\/os-zagradec.si\/index.php?rest_route=%2Fwp%2Fv2%2Fmedia&parent=820"}],"curies":[{"name":"wp","href":"https:\/\/api.w.org\/{rel}","templated":true}]}}