{"id":806,"date":"2022-10-26T06:02:48","date_gmt":"2022-10-26T06:02:48","guid":{"rendered":"https:\/\/staging.os-zagradec.si\/?page_id=806"},"modified":"2025-11-07T07:07:45","modified_gmt":"2025-11-07T07:07:45","slug":"npz-2023","status":"publish","type":"page","link":"https:\/\/os-zagradec.si\/?page_id=806","title":{"rendered":"NPZ 2026"},"content":{"rendered":"\n<h3 class=\"wp-block-heading\">Nacionalno preverjanje znanja (NPZ)<\/h3>\n\n\n\n<p>Marca in aprila 2026 bodo u\u010denke in u\u010denci 3., 6. in 9. razreda osnovnih \u0161ol, re\u0161evali preizkuse nacionalnega preverjanja znanja (NPZ). Z njimi boste preverili, kako uspe\u0161ni ste pri doseganju u\u010dnih ciljev in standardov znanja. Star\u0161i boste na podlagi dose\u017ekov la\u017eje prepoznali otrokova mo\u010dna podro\u010dja znanja in tista, kjer bi bilo treba znanje \u0161e poglobiti, u\u010ditelji in ravnatelji pa bodo z dodatnimi informacijami la\u017eje na\u010drtovali svoje nadaljnje vzgojno-izobra\u017eevalno delo.<\/p>\n\n\n\n<p><strong>3. razred: NPZ je obvezen.<\/strong>&nbsp;Za priseljence, ki \u0161olo v Sloveniji obiskujejo \u0161ele prvo ali drugo leto, je NPZ prostovoljen. Dose\u017eek NPZ-ja ne vpliva na \u0161olsko oceno.<\/p>\n\n\n\n<p><strong>6. razred:<\/strong>&nbsp;<strong>NPZ je obvezen.&nbsp;<\/strong>Za priseljence, ki \u0161olo v Sloveniji obiskujejo \u0161ele prvo ali drugo leto, je NPZ prostovoljen. Dose\u017eek NPZ-ja ne vpliva na \u0161olsko oceno.<\/p>\n\n\n\n<p><strong>9. razred:<\/strong>&nbsp;<strong>NPZ je za vse obvezen<\/strong>. Dose\u017eek NPZ-ja ne vpliva na \u0161olsko oceno, lahko pa vpliva na vpis v srednje \u0161ole, toda le v primeru omejitve vpisa na izbrani \u0161oli.<\/p>\n\n\n\n<p><strong>Pomembni datumi:<\/strong><\/p>\n\n\n\n<p><strong>\u2192 23. 3. 2026: NPZ iz sloven\u0161\u010dine za 3., 6. in 9. razred<\/strong><\/p>\n\n\n\n<p><strong>\u2192 27. 3. 2026: NPZ iz tujega jezika angle\u0161\u010dina za 6. razred in tehnike in tehnologije za 9. razred<\/strong><\/p>\n\n\n\n<p><strong>\u2192 31.3.2026: NPZ iz matematike za 3., 6. in 9. razred<\/strong><\/p>\n\n\n\n<p>&nbsp;\u2192 21. 4. 2026: Seznanitev z dose\u017eki pri NPZ-ju v 9. razredu<\/p>\n\n\n\n<p>\u2192 4. 5. 2026: Seznanitev z dose\u017eki pri NPZ-ju v 6. razredu<\/p>\n\n\n\n<p>&nbsp;\u2192 7. 5. 2026: Seznanitev z dose\u017eki pri NPZ-ju v 3. razredu<\/p>\n\n\n\n<p><strong>Kako poteka NPZ<\/strong><\/p>\n\n\n\n<p>U\u010denke in u\u010denci preizkuse NPZ-ja pi\u0161ejo dva (3. razred) oz. tri dni (6. in 9. razred).<\/p>\n\n\n\n<p>U\u010denke in u\u010denci istega oddelka 3. razreda preizkus znanja re\u0161ujejo 45 minut brez odmora v svoji u\u010dilnici, v 6. in 9. razredu pa je preizkus nekoliko dalj\u0161i, zato ga v u\u010dilnici v skupini z najve\u010d 15 u\u010denci re\u0161ujejo 60 minut brez odmora.<\/p>\n\n\n\n<p>Med preverjanjem je treba poskrbeti za mir in ti\u0161ino, zato na \u0161olah med pisanjem ugasnemo \u0161olski zvonec, u\u010denke in u\u010denci pa morajo biti &nbsp;pozorni, da ne zamujajo in da v razred ne prina\u0161ajo nedovoljenih pripomo\u010dkov.<\/p>\n\n\n\n<p><strong>Vrednotenje<\/strong><\/p>\n\n\n\n<p>Ob koncu pisanja posameznega predmeta se re\u0161eni preizkusi poberejo s \u0161ol. Na Ricu jih nato pripravijo za elektronsko vrednotenje. Po opti\u010dnem branju (skeniranju) vseh preizkusov se ti prenesejo v program za e-vrednotenje in u\u010ditelji ocenjevalci lahko pri\u010dnejo s svojim delom.<\/p>\n\n\n\n<p><strong>Dostop do dose\u017ekov<\/strong><\/p>\n\n\n\n<p>U\u010denke in u\u010denci lahko do ovrednotenih preizkusov znanja in izpisa dose\u017ekov dostopajo prek spletne strani Rica: https:\/\/npz.ric.si (za vstop na spletno stran potrebujejo s svojo \u0161ifro in EM\u0160O).<\/p>\n\n\n\n<p>\u010ce bi podvomili v vrednotenje nalog v preizkusu znanja, lahko oddajo zahtevo za ponovno vrednotenje posameznih nalog.<\/p>\n\n\n\n<p>Dodatne informacije o dose\u017ekih pri NPZ-ju v primerjavi z vrstniki na \u0161oli in v dr\u017eavi si lahko ogledajo na spletni strani:&nbsp;<a href=\"https:\/\/npz.ric.si\/\">https:\/\/npz.ric.si<\/a>.<\/p>\n\n\n\n<p>Do informacij lahko u\u010denke in u\u010denci dostopajo s svojo \u0161ifro in EM\u0160O.<\/p>\n\n\n\n<p><strong>Dose\u017eki NPZ-ja in vpis v srednjo \u0161olo<\/strong><\/p>\n\n\n\n<p>U\u010denke in u\u010denci ob koncu 3. in 6. razreda prejmejo Obvestilo o dose\u017ekih in dr\u017eavnih povpre\u010djih pri NPZ, izra\u017eenih v odstotnih to\u010dkah, ki je priloga spri\u010devala.<\/p>\n\n\n\n<p>Ob koncu 9. razreda pa so dose\u017eki in dr\u017eavna povpre\u010dja na NPZ-ju zapisani v samem spri\u010devalu.<\/p>\n\n\n\n<p>Dose\u017eki u\u010dencev 9. razreda iz sloven\u0161\u010dine (italijan\u0161\u010dine ali mad\u017ear\u0161\u010dine na narodnostno me\u0161anih obmo\u010djih) in matematike se lahko uporabijo kot eno od meril za izbiro kandidatov v primeru omejitve vpisa.<\/p>\n","protected":false},"excerpt":{"rendered":"<p>Nacionalno preverjanje znanja (NPZ) Marca in aprila 2026 bodo u\u010denke in u\u010denci 3., 6. in 9. razreda osnovnih \u0161ol, re\u0161evali preizkuse nacionalnega preverjanja znanja (NPZ). Z njimi boste preverili, kako uspe\u0161ni ste pri doseganju u\u010dnih ciljev in standardov znanja. Star\u0161i boste na podlagi dose\u017ekov la\u017eje prepoznali otrokova mo\u010dna podro\u010dja znanja in tista, kjer bi bilo &hellip; <a href=\"https:\/\/os-zagradec.si\/?page_id=806\" class=\"more-link\">Preberi ve\u010d <span class=\"screen-reader-text\">NPZ 2026<\/span> <span class=\"meta-nav\">&rarr;<\/span><\/a><\/p>\n","protected":false},"author":1,"featured_media":0,"parent":0,"menu_order":0,"comment_status":"closed","ping_status":"closed","template":"","meta":{"footnotes":""},"class_list":["post-806","page","type-page","status-publish","hentry"],"_links":{"self":[{"href":"https:\/\/os-zagradec.si\/index.php?rest_route=\/wp\/v2\/pages\/806","targetHints":{"allow":["GET"]}}],"collection":[{"href":"https:\/\/os-zagradec.si\/index.php?rest_route=\/wp\/v2\/pages"}],"about":[{"href":"https:\/\/os-zagradec.si\/index.php?rest_route=\/wp\/v2\/types\/page"}],"author":[{"embeddable":true,"href":"https:\/\/os-zagradec.si\/index.php?rest_route=\/wp\/v2\/users\/1"}],"replies":[{"embeddable":true,"href":"https:\/\/os-zagradec.si\/index.php?rest_route=%2Fwp%2Fv2%2Fcomments&post=806"}],"version-history":[{"count":1,"href":"https:\/\/os-zagradec.si\/index.php?rest_route=\/wp\/v2\/pages\/806\/revisions"}],"predecessor-version":[{"id":6722,"href":"https:\/\/os-zagradec.si\/index.php?rest_route=\/wp\/v2\/pages\/806\/revisions\/6722"}],"wp:attachment":[{"href":"https:\/\/os-zagradec.si\/index.php?rest_route=%2Fwp%2Fv2%2Fmedia&parent=806"}],"curies":[{"name":"wp","href":"https:\/\/api.w.org\/{rel}","templated":true}]}}