{"id":757,"date":"2022-10-25T05:48:45","date_gmt":"2022-10-25T05:48:45","guid":{"rendered":"https:\/\/staging.os-zagradec.si\/?page_id=757"},"modified":"2022-10-25T08:16:17","modified_gmt":"2022-10-25T08:16:17","slug":"f-secure-4","status":"publish","type":"page","link":"https:\/\/os-zagradec.si\/?page_id=757","title":{"rendered":"F-SECURE"},"content":{"rendered":"\n<p>U\u010denci in u\u010ditelji lahko oddate vlogo za brezpla\u010den antivirusni program F-secure oz. <em>WithSecure Elements EPP<\/em> za uporabo na doma\u010dih napravah. Vsak uporabnik je upravi\u010den do ene aktivacijske kode za ra\u010dunalnik in ene za mobilno napravo.<\/p>\n\n\n<p>Za pridobitev aktivacijske kode, mi posredujte podpisano\u00a0<a href=\"https:\/\/os-zagradec.si\/z\/wp-content\/uploads\/2022\/10\/IZJAVA-F-SECURE-OS-ZAGRADEC.pdf\" target=\"_blank\" rel=\"noreferrer noopener\">IZJAVO<\/a> na:\u00a0<span style=\"color: #339966;\"> <span class=\"fontstyle0\">info.racunalnikar@sola-zagradec.si<\/span> <br \/><\/span><\/p>\n\n\n<p>Ve\u010d na&nbsp;<a rel=\"noreferrer noopener\" href=\"http:\/\/f-secure.si\/mss\/domaca-uporaba\/\" target=\"_blank\">http:\/\/f-secure.si\/mss\/domaca-uporaba\/<\/a><\/p>\n\n\n\n<p><\/p>\n\n\n\n<p><\/p>\n\n\n\n<p><\/p>\n\n\n\n<p><\/p>\n\n\n\n<p><\/p>\n","protected":false},"excerpt":{"rendered":"<p>U\u010denci in u\u010ditelji lahko oddate vlogo za brezpla\u010den antivirusni program F-secure oz. WithSecure Elements EPP za uporabo na doma\u010dih napravah. Vsak uporabnik je upravi\u010den do ene aktivacijske kode za ra\u010dunalnik in ene za mobilno napravo. Za pridobitev aktivacijske kode, mi posredujte podpisano\u00a0IZJAVO na:\u00a0 info.racunalnikar@sola-zagradec.si Ve\u010d na&nbsp;http:\/\/f-secure.si\/mss\/domaca-uporaba\/<\/p>\n","protected":false},"author":1,"featured_media":0,"parent":0,"menu_order":0,"comment_status":"closed","ping_status":"closed","template":"","meta":{"footnotes":""},"class_list":["post-757","page","type-page","status-publish","hentry"],"_links":{"self":[{"href":"https:\/\/os-zagradec.si\/index.php?rest_route=\/wp\/v2\/pages\/757","targetHints":{"allow":["GET"]}}],"collection":[{"href":"https:\/\/os-zagradec.si\/index.php?rest_route=\/wp\/v2\/pages"}],"about":[{"href":"https:\/\/os-zagradec.si\/index.php?rest_route=\/wp\/v2\/types\/page"}],"author":[{"embeddable":true,"href":"https:\/\/os-zagradec.si\/index.php?rest_route=\/wp\/v2\/users\/1"}],"replies":[{"embeddable":true,"href":"https:\/\/os-zagradec.si\/index.php?rest_route=%2Fwp%2Fv2%2Fcomments&post=757"}],"version-history":[{"count":1,"href":"https:\/\/os-zagradec.si\/index.php?rest_route=\/wp\/v2\/pages\/757\/revisions"}],"predecessor-version":[{"id":797,"href":"https:\/\/os-zagradec.si\/index.php?rest_route=\/wp\/v2\/pages\/757\/revisions\/797"}],"wp:attachment":[{"href":"https:\/\/os-zagradec.si\/index.php?rest_route=%2Fwp%2Fv2%2Fmedia&parent=757"}],"curies":[{"name":"wp","href":"https:\/\/api.w.org\/{rel}","templated":true}]}}