{"id":715,"date":"2022-10-23T13:33:48","date_gmt":"2022-10-23T13:33:48","guid":{"rendered":"https:\/\/staging.os-zagradec.si\/?page_id=715"},"modified":"2026-02-04T13:31:26","modified_gmt":"2026-02-04T13:31:26","slug":"vpis-v-1-razred-2","status":"publish","type":"page","link":"https:\/\/os-zagradec.si\/?page_id=715","title":{"rendered":"VPIS V 1. RAZRED"},"content":{"rendered":"\n<p>VPIS v 1. razred bo za \u0161olsko leto 2026\/27 potekal po v naprej dogovorjenem terminu dne 12. in 13. 2. 2026. Po zakonu o osnovni \u0161oli morajo star\u0161i v 1. razred osnovne \u0161ole vpisati otroke, ki bodo v koledarskem letu, v katerem bodo za\u010deli obiskovati \u0161olo, dopolnili 6 let.<\/p>\n","protected":false},"excerpt":{"rendered":"<p>VPIS v 1. razred bo za \u0161olsko leto 2026\/27 potekal po v naprej dogovorjenem terminu dne 12. in 13. 2. 2026. Po zakonu o osnovni \u0161oli morajo star\u0161i v 1. razred osnovne \u0161ole vpisati otroke, ki bodo v koledarskem letu, v katerem bodo za\u010deli obiskovati \u0161olo, dopolnili 6 let.<\/p>\n","protected":false},"author":1,"featured_media":0,"parent":0,"menu_order":0,"comment_status":"closed","ping_status":"closed","template":"","meta":{"footnotes":""},"class_list":["post-715","page","type-page","status-publish","hentry"],"_links":{"self":[{"href":"https:\/\/os-zagradec.si\/index.php?rest_route=\/wp\/v2\/pages\/715","targetHints":{"allow":["GET"]}}],"collection":[{"href":"https:\/\/os-zagradec.si\/index.php?rest_route=\/wp\/v2\/pages"}],"about":[{"href":"https:\/\/os-zagradec.si\/index.php?rest_route=\/wp\/v2\/types\/page"}],"author":[{"embeddable":true,"href":"https:\/\/os-zagradec.si\/index.php?rest_route=\/wp\/v2\/users\/1"}],"replies":[{"embeddable":true,"href":"https:\/\/os-zagradec.si\/index.php?rest_route=%2Fwp%2Fv2%2Fcomments&post=715"}],"version-history":[{"count":1,"href":"https:\/\/os-zagradec.si\/index.php?rest_route=\/wp\/v2\/pages\/715\/revisions"}],"predecessor-version":[{"id":7016,"href":"https:\/\/os-zagradec.si\/index.php?rest_route=\/wp\/v2\/pages\/715\/revisions\/7016"}],"wp:attachment":[{"href":"https:\/\/os-zagradec.si\/index.php?rest_route=%2Fwp%2Fv2%2Fmedia&parent=715"}],"curies":[{"name":"wp","href":"https:\/\/api.w.org\/{rel}","templated":true}]}}