{"id":521,"date":"2022-10-21T08:18:26","date_gmt":"2022-10-21T08:18:26","guid":{"rendered":"https:\/\/staging.os-zagradec.si\/?page_id=521"},"modified":"2023-01-03T08:32:45","modified_gmt":"2023-01-03T08:32:45","slug":"karierna-orintacija","status":"publish","type":"page","link":"https:\/\/os-zagradec.si\/?page_id=521","title":{"rendered":"KARIERNA ORIENTACIJA"},"content":{"rendered":"\n<p><strong>KORISTNE POVEZAVE<\/strong><\/p>\n\n\n<div class=\"wp-block-image\">\n<figure class=\"aligncenter size-full is-resized\"><img loading=\"lazy\" decoding=\"async\" src=\"https:\/\/os-zagradec.si\/wp-content\/uploads\/2022\/11\/mMIZS.png\" alt=\"\" class=\"wp-image-1330\" width=\"281\" height=\"46\" srcset=\"https:\/\/os-zagradec.si\/wp-content\/uploads\/2022\/11\/mMIZS.png 558w, https:\/\/os-zagradec.si\/wp-content\/uploads\/2022\/11\/mMIZS-300x48.png 300w\" sizes=\"auto, (max-width: 281px) 100vw, 281px\" \/><figcaption class=\"wp-element-caption\">Ministrstvo za izobra\u017eevanje, znanost in \u0161port (srednje \u0161ole, vpis v srednjo \u0161olo \u2026)<br><br><a href=\"https:\/\/www.gov.si\/podrocja\/izobrazevanje-znanost-in-sport\/srednjesolsko-izobrazevanje\/\">https:\/\/www.gov.si\/podrocja\/izobrazevanje-znanost-in-sport\/srednjesolsko-izobrazevanje\/<\/a><\/figcaption><\/figure>\n<\/div>\n\n<div class=\"wp-block-image\">\n<figure class=\"aligncenter size-full is-resized\"><img loading=\"lazy\" decoding=\"async\" src=\"https:\/\/os-zagradec.si\/wp-content\/uploads\/2022\/11\/moja-izbira-1.png\" alt=\"\" class=\"wp-image-1332\" width=\"198\" height=\"198\" srcset=\"https:\/\/os-zagradec.si\/wp-content\/uploads\/2022\/11\/moja-izbira-1.png 225w, https:\/\/os-zagradec.si\/wp-content\/uploads\/2022\/11\/moja-izbira-1-150x150.png 150w\" sizes=\"auto, (max-width: 198px) 100vw, 198px\" \/><figcaption class=\"wp-element-caption\">Poklicni ka\u017eipot (opisi poklicev)<br><br><a href=\"https:\/\/www.mojaizbira.si\/\">https:\/\/www.mojaizbira.si\/<\/a> <\/figcaption><\/figure>\n<\/div>\n\n<div class=\"wp-block-image\">\n<figure class=\"aligncenter size-full is-resized\"><img loading=\"lazy\" decoding=\"async\" src=\"https:\/\/os-zagradec.si\/wp-content\/uploads\/2022\/11\/MCIPS-2.png\" alt=\"\" class=\"wp-image-1333\" width=\"205\" height=\"90\"\/><figcaption class=\"wp-element-caption\">Zavod Republike Slovenije za zaposlovanje (strokovna pomo\u010d svetovalcem na podro\u010dju izobra\u017eevanja, usposabljanja, vse\u017eivljenjske orientacije)<br><br><a href=\"http:\/\/www.ess.gov.si\/NCIPS\">www.ess.gov.si\/NCIPS<\/a> <\/figcaption><\/figure>\n<\/div>\n\n<div class=\"wp-block-image\">\n<figure class=\"aligncenter size-full is-resized\"><img loading=\"lazy\" decoding=\"async\" src=\"https:\/\/os-zagradec.si\/wp-content\/uploads\/2022\/11\/ZAVOD-ZA-ZAPOSLOVANJE-2.png\" alt=\"\" class=\"wp-image-1334\" width=\"239\" height=\"126\" srcset=\"https:\/\/os-zagradec.si\/wp-content\/uploads\/2022\/11\/ZAVOD-ZA-ZAPOSLOVANJE-2.png 310w, https:\/\/os-zagradec.si\/wp-content\/uploads\/2022\/11\/ZAVOD-ZA-ZAPOSLOVANJE-2-300x158.png 300w\" sizes=\"auto, (max-width: 239px) 100vw, 239px\" \/><figcaption class=\"wp-element-caption\">Zavod Republike Slovenije za zaposlovanje (opisi poklicev)<br><br><a href=\"https:\/\/www.ess.gov.si\/ncips\/opisi-poklicev\">https:\/\/www.ess.gov.si\/ncips\/opisi-poklicev<\/a> <\/figcaption><\/figure>\n<\/div>\n\n<div class=\"wp-block-image\">\n<figure class=\"aligncenter size-full is-resized\"><img loading=\"lazy\" decoding=\"async\" src=\"https:\/\/os-zagradec.si\/wp-content\/uploads\/2022\/11\/esvetovanje-2.png\" alt=\"\" class=\"wp-image-1335\" width=\"228\" height=\"86\"\/><figcaption class=\"wp-element-caption\">Zavod Republike Slovenije za zaposlovanje (e-svetovanje pri na\u010drtovanju kariere in iskanju zaposlitve)<br><br><a href=\"https:\/\/esvetovanje.ess.gov.si\/\">https:\/\/esvetovanje.ess.gov.si\/<\/a> <\/figcaption><\/figure>\n<\/div>\n\n<div class=\"wp-block-image\">\n<figure class=\"aligncenter size-full is-resized\"><img loading=\"lazy\" decoding=\"async\" src=\"https:\/\/os-zagradec.si\/wp-content\/uploads\/2022\/11\/center-za-poklicno-2.png\" alt=\"\" class=\"wp-image-1336\" width=\"241\" height=\"127\" srcset=\"https:\/\/os-zagradec.si\/wp-content\/uploads\/2022\/11\/center-za-poklicno-2.png 310w, https:\/\/os-zagradec.si\/wp-content\/uploads\/2022\/11\/center-za-poklicno-2-300x158.png 300w\" sizes=\"auto, (max-width: 241px) 100vw, 241px\" \/><figcaption class=\"wp-element-caption\">Center RS za poklicno izobra\u017eevanje<br><br><a href=\"https:\/\/cpi.si\/\">https:\/\/cpi.si\/<\/a> <\/figcaption><\/figure>\n<\/div>\n\n<div class=\"wp-block-image\">\n<figure class=\"aligncenter size-full is-resized\"><img loading=\"lazy\" decoding=\"async\" src=\"https:\/\/os-zagradec.si\/wp-content\/uploads\/2022\/11\/dijaski-1.png\" alt=\"\" class=\"wp-image-1337\" width=\"251\" height=\"129\" srcset=\"https:\/\/os-zagradec.si\/wp-content\/uploads\/2022\/11\/dijaski-1.png 313w, https:\/\/os-zagradec.si\/wp-content\/uploads\/2022\/11\/dijaski-1-300x154.png 300w\" sizes=\"auto, (max-width: 251px) 100vw, 251px\" \/><figcaption class=\"wp-element-caption\">Dija\u0161ki.net (kontaktni podatki o vseh srednjih \u0161olah v Sloveniji in izobra\u017eevalnih programih)<br><br><a href=\"https:\/\/dijaski.net\/\">https:\/\/dijaski.net\/<\/a> <\/figcaption><\/figure>\n<\/div>\n\n<div class=\"wp-block-image\">\n<figure class=\"aligncenter size-full is-resized\"><img loading=\"lazy\" decoding=\"async\" src=\"https:\/\/os-zagradec.si\/wp-content\/uploads\/2022\/11\/sklad-rs-1.png\" alt=\"\" class=\"wp-image-1338\" width=\"283\" height=\"78\" srcset=\"https:\/\/os-zagradec.si\/wp-content\/uploads\/2022\/11\/sklad-rs-1.png 427w, https:\/\/os-zagradec.si\/wp-content\/uploads\/2022\/11\/sklad-rs-1-300x83.png 300w\" sizes=\"auto, (max-width: 283px) 100vw, 283px\" \/><figcaption class=\"wp-element-caption\">Javni \u0161tipendijski, razvojni, invalidski in pre\u017eivninski sklad RS (\u0161tipendije)<br><br><a href=\"https:\/\/www.srips-rs.si\/\">https:\/\/www.srips-rs.si\/<\/a> <\/figcaption><\/figure>\n<\/div>\n\n<div class=\"wp-block-image\">\n<figure class=\"aligncenter size-full is-resized\"><img loading=\"lazy\" decoding=\"async\" src=\"https:\/\/os-zagradec.si\/wp-content\/uploads\/2022\/11\/zavod-2.png\" alt=\"\" class=\"wp-image-1341\" width=\"144\" height=\"181\"\/><figcaption class=\"wp-element-caption\">Zavod RS za \u0161olstvo<br><br><a href=\"https:\/\/www.zrss.si\/\">https:\/\/www.zrss.si\/<\/a> <\/figcaption><\/figure>\n<\/div>\n\n<div class=\"wp-block-image\">\n<figure class=\"aligncenter size-full is-resized\"><img loading=\"lazy\" decoding=\"async\" src=\"https:\/\/os-zagradec.si\/wp-content\/uploads\/2022\/11\/informativa-1.jpg\" alt=\"\" class=\"wp-image-1340\" width=\"297\" height=\"166\"\/><figcaption class=\"wp-element-caption\">Sejem izobra\u017eevanja in poklicev<br><br><a href=\"https:\/\/www.informativa.si\/\">https:\/\/www.informativa.si\/<\/a> <\/figcaption><\/figure>\n<\/div>","protected":false},"excerpt":{"rendered":"<p>KORISTNE POVEZAVE<\/p>\n","protected":false},"author":1,"featured_media":0,"parent":0,"menu_order":0,"comment_status":"closed","ping_status":"closed","template":"","meta":{"footnotes":""},"class_list":["post-521","page","type-page","status-publish","hentry"],"_links":{"self":[{"href":"https:\/\/os-zagradec.si\/index.php?rest_route=\/wp\/v2\/pages\/521","targetHints":{"allow":["GET"]}}],"collection":[{"href":"https:\/\/os-zagradec.si\/index.php?rest_route=\/wp\/v2\/pages"}],"about":[{"href":"https:\/\/os-zagradec.si\/index.php?rest_route=\/wp\/v2\/types\/page"}],"author":[{"embeddable":true,"href":"https:\/\/os-zagradec.si\/index.php?rest_route=\/wp\/v2\/users\/1"}],"replies":[{"embeddable":true,"href":"https:\/\/os-zagradec.si\/index.php?rest_route=%2Fwp%2Fv2%2Fcomments&post=521"}],"version-history":[{"count":1,"href":"https:\/\/os-zagradec.si\/index.php?rest_route=\/wp\/v2\/pages\/521\/revisions"}],"predecessor-version":[{"id":1866,"href":"https:\/\/os-zagradec.si\/index.php?rest_route=\/wp\/v2\/pages\/521\/revisions\/1866"}],"wp:attachment":[{"href":"https:\/\/os-zagradec.si\/index.php?rest_route=%2Fwp%2Fv2%2Fmedia&parent=521"}],"curies":[{"name":"wp","href":"https:\/\/api.w.org\/{rel}","templated":true}]}}