{"id":491,"date":"2022-10-20T10:22:27","date_gmt":"2022-10-20T10:22:27","guid":{"rendered":"https:\/\/staging.os-zagradec.si\/?page_id=491"},"modified":"2022-11-29T09:34:50","modified_gmt":"2022-11-29T09:34:50","slug":"mednarodni-dan-strpnosti","status":"publish","type":"page","link":"https:\/\/os-zagradec.si\/?page_id=491","title":{"rendered":"Mednarodni dan strpnosti \u2013 dan za strpnost in prijateljstvo"},"content":{"rendered":"\n<p class=\"has-text-align-left\">Na O\u0160 Zagradec bomo v leto\u0161njem \u0161olskem letu 2022\/2023 sodelovali v projektu Mednarodni dan strpnosti &#8211; dan za strpnost in prijateljstvo, ki ga je razpisal Izobra\u017eevalni center Eksena. Mednarodni dan strpnosti obele\u017eujemo 16. novembra, zato bomo v tednu od 14. do 18. novembra izvedli izobra\u017eevalno &#8211; ustvarjalne delavnice na temo \u02ddLEPA BESEDA LEPO MESTO NAJDE\u02dd in otroke ozave\u0161\u010dali o pomenu strpnosti. <\/p>\n\n\n\n<p>Koordinatorica: Sabina Gr\u010dman<\/p>\n\n\n<div  class=\"ultp-post-grid-block wp-block-ultimate-post-post-list-1 ultp-block-9b38bf\"><div class=\"ultp-block-wrapper\"><div class=\"ultp-loading\"><div class=\"ultp-loading-blocks\" style=\"width:100%;height:100%;\"><div style=\"left: 0;top: 0;animation-delay:0s;\"><\/div><div style=\"left: 21px;top: 0;animation-delay:0.125s;\"><\/div><div style=\"left: 42px;top: 0;animation-delay:0.25s;\"><\/div><div style=\"left: 0;top: 21px;animation-delay:0.875s;\"><\/div><div style=\"left: 42px;top: 21px;animation-delay:0.375s;\"><\/div><div style=\"left: 0;top: 42px;animation-delay:0.75s;\"><\/div><div style=\"left: 42px;top: 42px;animation-delay:0.625s;\"><\/div><div style=\"left: 21px;top: 42px;animation-delay:0.5s;\"><\/div><\/div><\/div><div class=\"ultp-heading-filter\"><div class=\"ultp-heading-filter-in\"><div class=\"ultp-filter-navigation\"><div class=\"ultp-filter-wrap\" data-taxtype=category data-blockid=\"9b38bf\" data-blockname=\"ultimate-post_post-list-1\" data-postid=\"491\"data-selfpostid=\"no\"><ul class=\"ultp-flex-menu\" data-name=\"More\"><li class=\"filter-item\"><a data-taxonomy=\"strpnost\" href=\"#\">STRPNOST<\/a><\/li><\/ul><\/div><\/div><\/div><\/div><div class=\"ultp-block-items-wrap ultp-block-row ultp-block-column-2 ultp-pl1a-style1 ultp-post-list1-layout1\"><div class=\"ultp-block-item post-id-7462\"><div class=\"ultp-block-content-wrap\"><div class=\"ultp-block-entry-content\"><div class=\"ultp-block-entry-heading\"><h3 class=\"ultp-block-title \"><a href=\"https:\/\/os-zagradec.si\/?p=7462\" >No\u010d knjige 2026 na O\u0160 Zagradec: Po Jur\u010di\u010devih poteh \u2013 zgodbe na\u0161ih krajev<\/a><\/h3><\/div><div class=\"ultp-block-image ultp-block-image-none\"><a href=\"https:\/\/os-zagradec.si\/?p=7462\" ><img decoding=\"async\"  alt=\"No\u010d knjige 2026 na O\u0160 Zagradec: Po Jur\u010di\u010devih poteh \u2013 zgodbe na\u0161ih krajev\"  src=\"https:\/\/os-zagradec.si\/wp-content\/uploads\/2026\/04\/5igramacek.jpg\" \/><\/a><div class=\"ultp-category-img-grid\"><div class=\"ultp-category-grid ultp-category-classic ultp-category-centerCenter\"><div class=\"ultp-category-in\"><a class=\"ultp-cat-prispevki\" href=\"https:\/\/os-zagradec.si\/?cat=6\"  >PRISPEVKI<\/a><\/div><\/div><\/div><\/div><\/div><div class=\"ultp-block-content\"><div class=\"ultp-block-excerpt\"><p>Na Osnovni \u0161oli Zagradec smo tudi v leto\u0161njem \u0161olskem letu pripravili priljubljeni dogodek No\u010d knjige, ki se je oz. bo&hellip;<\/p>\n<\/div><div class=\"ultp-block-readmore\"><a aria-label=\"No\u010d knjige 2026 na O\u0160 Zagradec: Po Jur\u010di\u010devih poteh \u2013 zgodbe na\u0161ih krajev\" href=\"https:\/\/os-zagradec.si\/?p=7462\" >Preberi ve\u010d&#8230;<svg xmlns=\"http:\/\/www.w3.org\/2000\/svg\" fill=\"none\" viewBox=\"0 0 24 24\">\n  <path stroke=\"currentColor\" stroke-linecap=\"round\" stroke-linejoin=\"round\" stroke-width=\"1.5\" d=\"m9 18 6-6-6-6\"\/>\n<\/svg>\n<\/a><\/div><\/div><\/div><\/div><div class=\"ultp-block-item post-id-7399\"><div class=\"ultp-block-content-wrap\"><div class=\"ultp-block-entry-content\"><div class=\"ultp-block-entry-heading\"><h3 class=\"ultp-block-title \"><a href=\"https:\/\/os-zagradec.si\/?p=7399\" >OBMO\u010cNA REVIJA OTRO\u0160KIH IN MLADINSKIH PEVSKIH ZBOROV 2026<\/a><\/h3><\/div><div class=\"ultp-block-image ultp-block-image-none\"><a href=\"https:\/\/os-zagradec.si\/?p=7399\" ><img decoding=\"async\"  alt=\"OBMO\u010cNA REVIJA OTRO\u0160KIH IN MLADINSKIH PEVSKIH ZBOROV 2026\"  src=\"https:\/\/os-zagradec.si\/wp-content\/uploads\/2026\/04\/SLIKA-6-scaled.jpeg\" \/><\/a><div class=\"ultp-category-img-grid\"><div class=\"ultp-category-grid ultp-category-classic ultp-category-centerCenter\"><div class=\"ultp-category-in\"><a class=\"ultp-cat-prispevki\" href=\"https:\/\/os-zagradec.si\/?cat=6\"  >PRISPEVKI<\/a><\/div><\/div><\/div><\/div><\/div><div class=\"ultp-block-content\"><div class=\"ultp-block-excerpt\"><p>V sredo, 8. aprila 2026, je Osnovna \u0161ola Sti\u010dna postala sredi\u0161\u010de glasbenega dogajanja, saj so gostili nepozabno&nbsp;obmo\u010dno revijo otro\u0161kih in&hellip;<\/p>\n<\/div><div class=\"ultp-block-readmore\"><a aria-label=\"OBMO\u010cNA REVIJA OTRO\u0160KIH IN MLADINSKIH PEVSKIH ZBOROV 2026\" href=\"https:\/\/os-zagradec.si\/?p=7399\" >Preberi ve\u010d&#8230;<svg xmlns=\"http:\/\/www.w3.org\/2000\/svg\" fill=\"none\" viewBox=\"0 0 24 24\">\n  <path stroke=\"currentColor\" stroke-linecap=\"round\" stroke-linejoin=\"round\" stroke-width=\"1.5\" d=\"m9 18 6-6-6-6\"\/>\n<\/svg>\n<\/a><\/div><\/div><\/div><\/div><div class=\"ultp-block-item post-id-7295\"><div class=\"ultp-block-content-wrap\"><div class=\"ultp-block-entry-content\"><div class=\"ultp-block-entry-heading\"><h3 class=\"ultp-block-title \"><a href=\"https:\/\/os-zagradec.si\/?p=7295\" >Bilo je naelektreno! \u010cetrto\u0161olci ukrotili elektriko na O\u0160 Zagradec<\/a><\/h3><\/div><div class=\"ultp-block-image ultp-block-image-none\"><a href=\"https:\/\/os-zagradec.si\/?p=7295\" ><img decoding=\"async\"  alt=\"Bilo je naelektreno! \u010cetrto\u0161olci ukrotili elektriko na O\u0160 Zagradec\"  src=\"https:\/\/os-zagradec.si\/wp-content\/uploads\/2026\/04\/20260409_082904-scaled.jpg\" \/><\/a><div class=\"ultp-category-img-grid\"><div class=\"ultp-category-grid ultp-category-classic ultp-category-centerCenter\"><div class=\"ultp-category-in\"><a class=\"ultp-cat-prispevki\" href=\"https:\/\/os-zagradec.si\/?cat=6\"  >PRISPEVKI<\/a><\/div><\/div><\/div><\/div><\/div><div class=\"ultp-block-content\"><div class=\"ultp-block-excerpt\"><p>V \u010detrtek, 9. aprila, na O\u0160 Zagradec nismo potrebovali kave, da bi nas &#8220;prebudilo&#8221;. Energija je bila namre\u010d v zraku&hellip;<\/p>\n<\/div><div class=\"ultp-block-readmore\"><a aria-label=\"Bilo je naelektreno! \u010cetrto\u0161olci ukrotili elektriko na O\u0160 Zagradec\" href=\"https:\/\/os-zagradec.si\/?p=7295\" >Preberi ve\u010d&#8230;<svg xmlns=\"http:\/\/www.w3.org\/2000\/svg\" fill=\"none\" viewBox=\"0 0 24 24\">\n  <path stroke=\"currentColor\" stroke-linecap=\"round\" stroke-linejoin=\"round\" stroke-width=\"1.5\" d=\"m9 18 6-6-6-6\"\/>\n<\/svg>\n<\/a><\/div><\/div><\/div><\/div><div class=\"ultp-block-item post-id-7291\"><div class=\"ultp-block-content-wrap\"><div class=\"ultp-block-entry-content\"><div class=\"ultp-block-entry-heading\"><h3 class=\"ultp-block-title \"><a href=\"https:\/\/os-zagradec.si\/?p=7291\" >\u0160ola v naravi Cerkno 7. razredi<\/a><\/h3><\/div><div class=\"ultp-block-image ultp-block-image-none\"><a href=\"https:\/\/os-zagradec.si\/?p=7291\" ><img decoding=\"async\"  alt=\"\u0160ola v naravi Cerkno 7. razredi\"  src=\"https:\/\/os-zagradec.si\/wp-content\/uploads\/2026\/04\/20260413_105740-scaled.jpg\" \/><\/a><div class=\"ultp-category-img-grid\"><div class=\"ultp-category-grid ultp-category-classic ultp-category-centerCenter\"><div class=\"ultp-category-in\"><a class=\"ultp-cat-prispevki\" href=\"https:\/\/os-zagradec.si\/?cat=6\"  >PRISPEVKI<\/a><\/div><\/div><\/div><\/div><\/div><div class=\"ultp-block-content\"><div class=\"ultp-block-excerpt\"><p>V ponedeljek pred kosilom smo spoznali center Cerkna preko &#8216;fotolova&#8217;, po kosilu pa smo imeli \u0161portne igre in fitnes na&hellip;<\/p>\n<\/div><div class=\"ultp-block-readmore\"><a aria-label=\"\u0160ola v naravi Cerkno 7. razredi\" href=\"https:\/\/os-zagradec.si\/?p=7291\" >Preberi ve\u010d&#8230;<svg xmlns=\"http:\/\/www.w3.org\/2000\/svg\" fill=\"none\" viewBox=\"0 0 24 24\">\n  <path stroke=\"currentColor\" stroke-linecap=\"round\" stroke-linejoin=\"round\" stroke-width=\"1.5\" d=\"m9 18 6-6-6-6\"\/>\n<\/svg>\n<\/a><\/div><\/div><\/div><\/div><div class=\"ultp-block-item post-id-7280\"><div class=\"ultp-block-content-wrap\"><div class=\"ultp-block-entry-content\"><div class=\"ultp-block-entry-heading\"><h3 class=\"ultp-block-title \"><a href=\"https:\/\/os-zagradec.si\/?p=7280\" >RAZISKOVALNI DAN NA LJUBLJANSKEM BARJU<\/a><\/h3><\/div><div class=\"ultp-block-image ultp-block-image-none\"><a href=\"https:\/\/os-zagradec.si\/?p=7280\" ><img decoding=\"async\"  alt=\"RAZISKOVALNI DAN NA LJUBLJANSKEM BARJU\"  src=\"https:\/\/os-zagradec.si\/wp-content\/uploads\/2026\/04\/20260409_091638-scaled.jpg\" \/><\/a><div class=\"ultp-category-img-grid\"><div class=\"ultp-category-grid ultp-category-classic ultp-category-centerCenter\"><div class=\"ultp-category-in\"><a class=\"ultp-cat-prispevki\" href=\"https:\/\/os-zagradec.si\/?cat=6\"  >PRISPEVKI<\/a><\/div><\/div><\/div><\/div><\/div><div class=\"ultp-block-content\"><div class=\"ultp-block-excerpt\"><p>V\u010deraj smo se peto\u0161olci odpravili na zanimiv izlet na Ljubljansko barje, kjer smo raziskovali posebnosti tega edinstvenega mo\u010dvirnatega obmo\u010dja. Pred&hellip;<\/p>\n<\/div><div class=\"ultp-block-readmore\"><a aria-label=\"RAZISKOVALNI DAN NA LJUBLJANSKEM BARJU\" href=\"https:\/\/os-zagradec.si\/?p=7280\" >Preberi ve\u010d&#8230;<svg xmlns=\"http:\/\/www.w3.org\/2000\/svg\" fill=\"none\" viewBox=\"0 0 24 24\">\n  <path stroke=\"currentColor\" stroke-linecap=\"round\" stroke-linejoin=\"round\" stroke-width=\"1.5\" d=\"m9 18 6-6-6-6\"\/>\n<\/svg>\n<\/a><\/div><\/div><\/div><\/div><div class=\"ultp-block-item post-id-7271\"><div class=\"ultp-block-content-wrap\"><div class=\"ultp-block-entry-content\"><div class=\"ultp-block-entry-heading\"><h3 class=\"ultp-block-title \"><a href=\"https:\/\/os-zagradec.si\/?p=7271\" >ZA\u010cETEK USPOSABLJANJA ZA KOLESARSKI IZPIT<\/a><\/h3><\/div><div class=\"ultp-block-image ultp-block-image-none\"><a href=\"https:\/\/os-zagradec.si\/?p=7271\" ><img decoding=\"async\"  alt=\"ZA\u010cETEK USPOSABLJANJA ZA KOLESARSKI IZPIT\"  src=\"https:\/\/os-zagradec.si\/wp-content\/uploads\/2026\/04\/20260410_120746-scaled.jpg\" \/><\/a><div class=\"ultp-category-img-grid\"><div class=\"ultp-category-grid ultp-category-classic ultp-category-centerCenter\"><div class=\"ultp-category-in\"><a class=\"ultp-cat-prispevki\" href=\"https:\/\/os-zagradec.si\/?cat=6\"  >PRISPEVKI<\/a><\/div><\/div><\/div><\/div><\/div><div class=\"ultp-block-content\"><div class=\"ultp-block-excerpt\"><p>V preteklih dneh smo z u\u010denci za\u010deli usposabljanje za opravljanje kolesarskega izpita. Najprej so u\u010denci opravili teoreti\u010dni del, kjer so&hellip;<\/p>\n<\/div><div class=\"ultp-block-readmore\"><a aria-label=\"ZA\u010cETEK USPOSABLJANJA ZA KOLESARSKI IZPIT\" href=\"https:\/\/os-zagradec.si\/?p=7271\" >Preberi ve\u010d&#8230;<svg xmlns=\"http:\/\/www.w3.org\/2000\/svg\" fill=\"none\" viewBox=\"0 0 24 24\">\n  <path stroke=\"currentColor\" stroke-linecap=\"round\" stroke-linejoin=\"round\" stroke-width=\"1.5\" d=\"m9 18 6-6-6-6\"\/>\n<\/svg>\n<\/a><\/div><\/div><\/div><\/div><\/div><\/div><div class=\"pagination-block-html\" aria-hidden=\"true\" style=\"display: none;\"><\/div><\/div>\n\n\n<p><\/p>\n","protected":false},"excerpt":{"rendered":"<p>Na O\u0160 Zagradec bomo v leto\u0161njem \u0161olskem letu 2022\/2023 sodelovali v projektu Mednarodni dan strpnosti &#8211; dan za strpnost in prijateljstvo, ki ga je razpisal Izobra\u017eevalni center Eksena. Mednarodni dan strpnosti obele\u017eujemo 16. novembra, zato bomo v tednu od 14. do 18. novembra izvedli izobra\u017eevalno &#8211; ustvarjalne delavnice na temo \u02ddLEPA BESEDA LEPO MESTO NAJDE\u02dd &hellip; <a href=\"https:\/\/os-zagradec.si\/?page_id=491\" class=\"more-link\">Preberi ve\u010d <span class=\"screen-reader-text\">Mednarodni dan strpnosti \u2013 dan za strpnost in prijateljstvo<\/span> <span class=\"meta-nav\">&rarr;<\/span><\/a><\/p>\n","protected":false},"author":1,"featured_media":0,"parent":0,"menu_order":0,"comment_status":"closed","ping_status":"closed","template":"","meta":{"footnotes":""},"class_list":["post-491","page","type-page","status-publish","hentry"],"_links":{"self":[{"href":"https:\/\/os-zagradec.si\/index.php?rest_route=\/wp\/v2\/pages\/491","targetHints":{"allow":["GET"]}}],"collection":[{"href":"https:\/\/os-zagradec.si\/index.php?rest_route=\/wp\/v2\/pages"}],"about":[{"href":"https:\/\/os-zagradec.si\/index.php?rest_route=\/wp\/v2\/types\/page"}],"author":[{"embeddable":true,"href":"https:\/\/os-zagradec.si\/index.php?rest_route=\/wp\/v2\/users\/1"}],"replies":[{"embeddable":true,"href":"https:\/\/os-zagradec.si\/index.php?rest_route=%2Fwp%2Fv2%2Fcomments&post=491"}],"version-history":[{"count":1,"href":"https:\/\/os-zagradec.si\/index.php?rest_route=\/wp\/v2\/pages\/491\/revisions"}],"predecessor-version":[{"id":1445,"href":"https:\/\/os-zagradec.si\/index.php?rest_route=\/wp\/v2\/pages\/491\/revisions\/1445"}],"wp:attachment":[{"href":"https:\/\/os-zagradec.si\/index.php?rest_route=%2Fwp%2Fv2%2Fmedia&parent=491"}],"curies":[{"name":"wp","href":"https:\/\/api.w.org\/{rel}","templated":true}]}}