{"id":455,"date":"2022-10-19T11:54:24","date_gmt":"2022-10-19T11:54:24","guid":{"rendered":"https:\/\/staging.os-zagradec.si\/?page_id=455"},"modified":"2025-09-04T10:11:11","modified_gmt":"2025-09-04T10:11:11","slug":"solska-svetovalna-sluzba","status":"publish","type":"page","link":"https:\/\/os-zagradec.si\/?page_id=455","title":{"rendered":"\u0160OLSKA SVETOVALNA SLU\u017dBA"},"content":{"rendered":"\n<p>\u0160olska svetovalna slu\u017eba se na podlagi svojega posebnega strokovnega znanja preko svetovalnega odnosa in na strokovno avtonomni na\u010din vklju\u010duje v kompleksno re\u0161evanje pedago\u0161kih, psiholo\u0161kih in socialnih vpra\u0161anj vzgojno\u2013izobra\u017eevalnega dela v \u0161oli s tem, da pomaga in sodeluje z vsemi udele\u017eenci v \u0161oli (u\u010denci, u\u010ditelji, vodstvo in star\u0161i) in po potrebi tudi z ustreznimi zunanjimi ustanovami.<\/p>\n\n\n\n<p>Podro\u010dja dela \u0161olske svetovalne slu\u017ebe:<\/p>\n\n\n\n<ul class=\"wp-block-list\">\n<li>\u0161olski novinci,<\/li>\n\n\n\n<li>karierna orientacija,<\/li>\n\n\n\n<li>pomo\u010d in podpora na podro\u010dju u\u010denja in \/ali v osebnem socialnem in telesnem razvoju,<\/li>\n\n\n\n<li>priprava in koordiniranje oblik pomo\u010di u\u010dencem z u\u010dnimi te\u017eavami,<\/li>\n\n\n\n<li>sodelovanje z u\u010ditelji pri pripravi individualiziranih programov,<\/li>\n\n\n\n<li>identifikacija nadarjenih u\u010dencev,<\/li>\n\n\n\n<li>spremljanje in koordinacija dela z nadarjenimi u\u010denci,<\/li>\n\n\n\n<li>izvedba izbirnega postopa obveznih in neobveznih izbirnih predmetov,<\/li>\n\n\n\n<li>koordinacija \u0161olanja na domu,<\/li>\n\n\n\n<li>sodelovanje pri izdelavi plana izobra\u017eevanja za u\u010diteljski zbor,<\/li>\n\n\n\n<li>sodelovanje pri organizaciji in izvedbi sodelovanja s star\u0161i,<\/li>\n\n\n\n<li>sodelovanje pri sistemati\u010dnem na\u010drtovanju in evalvaciji vzgojno\u2013izobra\u017eevalnega dela \u0161ole,<\/li>\n\n\n\n<li>sodelovanje v projektih, ki potekajo in uvajanje novosti s pedago\u0161ko\u2013psiholo\u0161kega podro\u010dja,<\/li>\n\n\n\n<li>svetovalno delo z u\u010denci, u\u010ditelji, star\u0161i in vodstvom \u0161ole zaradi izbolj\u0161anja kvalitete u\u010denja in pou\u010devanja,<\/li>\n\n\n\n<li>vzgojna in disciplinska problematika,<\/li>\n\n\n\n<li>analiza uspeha in vzgojne problematike \u0161ole,<\/li>\n\n\n\n<li>prizadevanje za dobro psihosocialno klimo \u0161ole,<\/li>\n\n\n\n<li>sodelovanje na podro\u010dju socialno\u2013ekonomskih stisk.<\/li>\n<\/ul>\n\n\n\n<p><strong>\u0160olski svetovalni delavki:<\/strong><\/p>\n\n\n\n<div class=\"wp-block-group is-nowrap is-layout-flex wp-container-core-group-is-layout-ad2f72ca wp-block-group-is-layout-flex\">\n<p>Sabina Miklav\u010di\u010d, pedagoginja                 (<a href=\"mailto:sabina.miklavcic@os-zagradec.si\">sabina.miklavcic@os-zagradec.si<\/a>)<\/p>\n\n\n\n<p>Marjanca Toma\u017ein, pedagoginja <a href=\"mailto:ana.jurglic@os-zagradec.si\">(marjanca.tomazin@os-zagradec.si)<\/a><\/p>\n<\/div>\n\n\n\n<p><em>Telefonska \u0161tevilka:<\/em>  01\/620 74 03<\/p>\n\n\n\n<p><\/p>\n","protected":false},"excerpt":{"rendered":"<p>\u0160olska svetovalna slu\u017eba se na podlagi svojega posebnega strokovnega znanja preko svetovalnega odnosa in na strokovno avtonomni na\u010din vklju\u010duje v kompleksno re\u0161evanje pedago\u0161kih, psiholo\u0161kih in socialnih vpra\u0161anj vzgojno\u2013izobra\u017eevalnega dela v \u0161oli s tem, da pomaga in sodeluje z vsemi udele\u017eenci v \u0161oli (u\u010denci, u\u010ditelji, vodstvo in star\u0161i) in po potrebi tudi z ustreznimi zunanjimi ustanovami. &hellip; <a href=\"https:\/\/os-zagradec.si\/?page_id=455\" class=\"more-link\">Preberi ve\u010d <span class=\"screen-reader-text\">\u0160OLSKA SVETOVALNA SLU\u017dBA<\/span> <span class=\"meta-nav\">&rarr;<\/span><\/a><\/p>\n","protected":false},"author":1,"featured_media":0,"parent":0,"menu_order":0,"comment_status":"closed","ping_status":"closed","template":"","meta":{"footnotes":""},"class_list":["post-455","page","type-page","status-publish","hentry"],"_links":{"self":[{"href":"https:\/\/os-zagradec.si\/index.php?rest_route=\/wp\/v2\/pages\/455","targetHints":{"allow":["GET"]}}],"collection":[{"href":"https:\/\/os-zagradec.si\/index.php?rest_route=\/wp\/v2\/pages"}],"about":[{"href":"https:\/\/os-zagradec.si\/index.php?rest_route=\/wp\/v2\/types\/page"}],"author":[{"embeddable":true,"href":"https:\/\/os-zagradec.si\/index.php?rest_route=\/wp\/v2\/users\/1"}],"replies":[{"embeddable":true,"href":"https:\/\/os-zagradec.si\/index.php?rest_route=%2Fwp%2Fv2%2Fcomments&post=455"}],"version-history":[{"count":1,"href":"https:\/\/os-zagradec.si\/index.php?rest_route=\/wp\/v2\/pages\/455\/revisions"}],"predecessor-version":[{"id":6500,"href":"https:\/\/os-zagradec.si\/index.php?rest_route=\/wp\/v2\/pages\/455\/revisions\/6500"}],"wp:attachment":[{"href":"https:\/\/os-zagradec.si\/index.php?rest_route=%2Fwp%2Fv2%2Fmedia&parent=455"}],"curies":[{"name":"wp","href":"https:\/\/api.w.org\/{rel}","templated":true}]}}