{"id":433,"date":"2022-10-19T10:56:25","date_gmt":"2022-10-19T10:56:25","guid":{"rendered":"https:\/\/staging.os-zagradec.si\/?page_id=433"},"modified":"2023-01-03T13:40:04","modified_gmt":"2023-01-03T13:40:04","slug":"dvig-digitalnih-kompetenc","status":"publish","type":"page","link":"https:\/\/os-zagradec.si\/?page_id=433","title":{"rendered":"DVIG DIGITALNIH KOMPETENC"},"content":{"rendered":"\n<p><a rel=\"noreferrer noopener\" href=\"https:\/\/zagradec.splet.arnes.si\/projekt-dvig-digitalnih-kompetenc\/\" target=\"_blank\"><strong>PREDSTAVITEV PROJEKTA<\/strong><\/a><\/p>\n\n\n\n<p><strong>AKTUALNE AKTIVNOSTI V PROJEKTU DDK<\/strong><\/p>\n\n\n\n<p>Uspe\u0161no smo oddali in izdelali digitalno strategijo za O\u0160 Zagradec.<\/p>\n\n\n\n<p>Za na\u0161o razvojno prioriteto pri strokovnih delavcih smo izbrali \u2013 strokovno podporo za spodbujanje uporabe digitalne tehnologije, ki jo bomo realizirali preko izobra\u017eevanj v okviru dveh seminarjev za dvig DDK (MOOC \u2013 Moja digitalna identiteta, MOST (MOOC) \u2013 Varna raba interneta in naprav \u2013 seminar za razvoj digitalnih kompetenc izobra\u017eevalcev na podro\u010dju Digitalnih virov. Polega tega bomo izvedli 10 internih delavnic deljenja dobre prakse med strokovnimi delavci.<\/p>\n\n\n\n<p>Za razvojno prioriteto pri u\u010dencih pa smo izbrali \u2013 digitalne kompetence, ki jih bomo realizirali s pomo\u010djo delavnice safe.si in razli\u010dnimi dejavnostmi za u\u010dence z ra\u010dunalni\u0161kimi vsebinami. Tudi med samim u\u010dnim procesom pri posameznih predmetih bomo uvajali spoznavanje z ra\u010dunalnikom, delo v slikarju, izdelava dokumenta v Wordu, izdelava predstavitev v PP, navajanje virov, elektronska komunikacija.<\/p>\n\n\n\n<p><strong>Ekipa DDK na O\u0160 Zagradec<\/strong><\/p>\n\n\n\n<p><\/p>\n\n\n\n<p><\/p>\n\n\n<div  class=\"ultp-post-grid-block wp-block-ultimate-post-post-list-3 ultp-block-4fd2ae\"><div class=\"ultp-block-wrapper\"><div class=\"ultp-loading\"><div class=\"ultp-loading-blocks\" style=\"width:100%;height:100%;\"><div style=\"left: 0;top: 0;animation-delay:0s;\"><\/div><div style=\"left: 21px;top: 0;animation-delay:0.125s;\"><\/div><div style=\"left: 42px;top: 0;animation-delay:0.25s;\"><\/div><div style=\"left: 0;top: 21px;animation-delay:0.875s;\"><\/div><div style=\"left: 42px;top: 21px;animation-delay:0.375s;\"><\/div><div style=\"left: 0;top: 42px;animation-delay:0.75s;\"><\/div><div style=\"left: 42px;top: 42px;animation-delay:0.625s;\"><\/div><div style=\"left: 21px;top: 42px;animation-delay:0.5s;\"><\/div><\/div><\/div><div class=\"ultp-heading-filter\"><div class=\"ultp-heading-filter-in\"><div class=\"ultp-filter-navigation\"><div class=\"ultp-filter-wrap\" data-taxtype=category data-blockid=\"4fd2ae\" data-blockname=\"ultimate-post_post-list-3\" data-postid=\"433\"data-selfpostid=\"no\"><ul class=\"ultp-flex-menu\" data-name=\"More\"><li class=\"filter-item\"><a data-taxonomy=\"projekt-ddk-2\" href=\"#\">PROJEKT &#8211; DDK<\/a><\/li><\/ul><\/div><\/div><\/div><\/div><div class=\"ultp-block-items-wrap ultp-block-row ultp-block-column-1 ultp-block-content-middle ultp-layout1\"><div class=\"ultp-block-item ultp-block-media post-id-7399\"><div class=\"ultp-block-content-wrap\"><div class=\"ultp-block-image ultp-block-image-opacity\"><a href=\"https:\/\/os-zagradec.si\/?p=7399\" ><img decoding=\"async\"  alt=\"OBMO\u010cNA REVIJA OTRO\u0160KIH IN MLADINSKIH PEVSKIH ZBOROV 2026\"  src=\"https:\/\/os-zagradec.si\/wp-content\/uploads\/2026\/04\/SLIKA-6-600x600.jpeg\" \/><\/a><\/div><div class=\"ultp-block-content\"><div class=\"ultp-category-grid ultp-category-classic ultp-category-aboveTitle\"><div class=\"ultp-category-in\"><a class=\"ultp-cat-prispevki\" href=\"https:\/\/os-zagradec.si\/?cat=6\"  >PRISPEVKI<\/a><\/div><\/div><h3 class=\"ultp-block-title \"><a href=\"https:\/\/os-zagradec.si\/?p=7399\" >OBMO\u010cNA REVIJA OTRO\u0160KIH IN MLADINSKIH PEVSKIH ZBOROV 2026<\/a><\/h3><div class=\"ultp-block-excerpt\"><p>V sredo, 8. aprila 2026, je Osnovna \u0161ola Sti\u010dna postala sredi\u0161\u010de glasbenega dogajanja, saj so gostili nepozabno&nbsp;obmo\u010dno revijo otro\u0161kih in mladinskih pevskih zborov. Odri so o\u017eiveli, dvorano pa je napolnil otro\u0161ki smeh in ubrana pesem, ki je prevzela vse zbrane.&hellip;<\/p>\n<\/div><div class=\"ultp-block-readmore\"><a aria-label=\"OBMO\u010cNA REVIJA OTRO\u0160KIH IN MLADINSKIH PEVSKIH ZBOROV 2026\" href=\"https:\/\/os-zagradec.si\/?p=7399\" >Preberi ve\u010d&#8230;<\/a><\/div><\/div><\/div><\/div><div class=\"ultp-block-item ultp-block-media post-id-7295\"><div class=\"ultp-block-content-wrap\"><div class=\"ultp-block-image ultp-block-image-opacity\"><a href=\"https:\/\/os-zagradec.si\/?p=7295\" ><img decoding=\"async\"  alt=\"Bilo je naelektreno! \u010cetrto\u0161olci ukrotili elektriko na O\u0160 Zagradec\"  src=\"https:\/\/os-zagradec.si\/wp-content\/uploads\/2026\/04\/20260409_082904-600x600.jpg\" \/><\/a><\/div><div class=\"ultp-block-content\"><div class=\"ultp-category-grid ultp-category-classic ultp-category-aboveTitle\"><div class=\"ultp-category-in\"><a class=\"ultp-cat-prispevki\" href=\"https:\/\/os-zagradec.si\/?cat=6\"  >PRISPEVKI<\/a><\/div><\/div><h3 class=\"ultp-block-title \"><a href=\"https:\/\/os-zagradec.si\/?p=7295\" >Bilo je naelektreno! \u010cetrto\u0161olci ukrotili elektriko na O\u0160 Zagradec<\/a><\/h3><div class=\"ultp-block-excerpt\"><p>V \u010detrtek, 9. aprila, na O\u0160 Zagradec nismo potrebovali kave, da bi nas &#8220;prebudilo&#8221;. Energija je bila namre\u010d v zraku \u017ee od samega jutra! U\u010denci 4. razredov iz Zagradca, Krke in Ambrusa so namre\u010d zdru\u017eili mo\u010di na tehni\u0161kem dnevu, kjer&hellip;<\/p>\n<\/div><div class=\"ultp-block-readmore\"><a aria-label=\"Bilo je naelektreno! \u010cetrto\u0161olci ukrotili elektriko na O\u0160 Zagradec\" href=\"https:\/\/os-zagradec.si\/?p=7295\" >Preberi ve\u010d&#8230;<\/a><\/div><\/div><\/div><\/div><div class=\"ultp-block-item ultp-block-media post-id-7291\"><div class=\"ultp-block-content-wrap\"><div class=\"ultp-block-image ultp-block-image-opacity\"><a href=\"https:\/\/os-zagradec.si\/?p=7291\" ><img decoding=\"async\"  alt=\"\u0160ola v naravi Cerkno 7. razredi\"  src=\"https:\/\/os-zagradec.si\/wp-content\/uploads\/2026\/04\/20260413_105740-600x600.jpg\" \/><\/a><\/div><div class=\"ultp-block-content\"><div class=\"ultp-category-grid ultp-category-classic ultp-category-aboveTitle\"><div class=\"ultp-category-in\"><a class=\"ultp-cat-prispevki\" href=\"https:\/\/os-zagradec.si\/?cat=6\"  >PRISPEVKI<\/a><\/div><\/div><h3 class=\"ultp-block-title \"><a href=\"https:\/\/os-zagradec.si\/?p=7291\" >\u0160ola v naravi Cerkno 7. razredi<\/a><\/h3><div class=\"ultp-block-excerpt\"><p>V ponedeljek pred kosilom smo spoznali center Cerkna preko &#8216;fotolova&#8217;, po kosilu pa smo imeli \u0161portne igre in fitnes na prostem. V torek je po odli\u010dnem zajtrku sledil dooolg pohod po okolici Cerknega, popoldne pa smo se zabavali na delavnici&hellip;<\/p>\n<\/div><div class=\"ultp-block-readmore\"><a aria-label=\"\u0160ola v naravi Cerkno 7. razredi\" href=\"https:\/\/os-zagradec.si\/?p=7291\" >Preberi ve\u010d&#8230;<\/a><\/div><\/div><\/div><\/div><div class=\"ultp-block-item ultp-block-media post-id-7280\"><div class=\"ultp-block-content-wrap\"><div class=\"ultp-block-image ultp-block-image-opacity\"><a href=\"https:\/\/os-zagradec.si\/?p=7280\" ><img decoding=\"async\"  alt=\"RAZISKOVALNI DAN NA LJUBLJANSKEM BARJU\"  src=\"https:\/\/os-zagradec.si\/wp-content\/uploads\/2026\/04\/20260409_091638-600x600.jpg\" \/><\/a><\/div><div class=\"ultp-block-content\"><div class=\"ultp-category-grid ultp-category-classic ultp-category-aboveTitle\"><div class=\"ultp-category-in\"><a class=\"ultp-cat-prispevki\" href=\"https:\/\/os-zagradec.si\/?cat=6\"  >PRISPEVKI<\/a><\/div><\/div><h3 class=\"ultp-block-title \"><a href=\"https:\/\/os-zagradec.si\/?p=7280\" >RAZISKOVALNI DAN NA LJUBLJANSKEM BARJU<\/a><\/h3><div class=\"ultp-block-excerpt\"><p>V\u010deraj smo se peto\u0161olci odpravili na zanimiv izlet na Ljubljansko barje, kjer smo raziskovali posebnosti tega edinstvenega mo\u010dvirnatega obmo\u010dja. Pred nami se je razprostirala makadamska pot, zelen travnik, v daljavi pa se nam je ob sinje modrem nebu ponujal \u010dudovit&hellip;<\/p>\n<\/div><div class=\"ultp-block-readmore\"><a aria-label=\"RAZISKOVALNI DAN NA LJUBLJANSKEM BARJU\" href=\"https:\/\/os-zagradec.si\/?p=7280\" >Preberi ve\u010d&#8230;<\/a><\/div><\/div><\/div><\/div><div class=\"ultp-block-item ultp-block-media post-id-7271\"><div class=\"ultp-block-content-wrap\"><div class=\"ultp-block-image ultp-block-image-opacity\"><a href=\"https:\/\/os-zagradec.si\/?p=7271\" ><img decoding=\"async\"  alt=\"ZA\u010cETEK USPOSABLJANJA ZA KOLESARSKI IZPIT\"  src=\"https:\/\/os-zagradec.si\/wp-content\/uploads\/2026\/04\/20260410_120746-600x600.jpg\" \/><\/a><\/div><div class=\"ultp-block-content\"><div class=\"ultp-category-grid ultp-category-classic ultp-category-aboveTitle\"><div class=\"ultp-category-in\"><a class=\"ultp-cat-prispevki\" href=\"https:\/\/os-zagradec.si\/?cat=6\"  >PRISPEVKI<\/a><\/div><\/div><h3 class=\"ultp-block-title \"><a href=\"https:\/\/os-zagradec.si\/?p=7271\" >ZA\u010cETEK USPOSABLJANJA ZA KOLESARSKI IZPIT<\/a><\/h3><div class=\"ultp-block-excerpt\"><p>V preteklih dneh smo z u\u010denci za\u010deli usposabljanje za opravljanje kolesarskega izpita. Najprej so u\u010denci opravili teoreti\u010dni del, kjer so se seznanili s prometnimi pravili, prometnimi znaki ter varnim vedenjem v cestnem prometu. Sledil je prakti\u010dni del, ki je potekal&hellip;<\/p>\n<\/div><div class=\"ultp-block-readmore\"><a aria-label=\"ZA\u010cETEK USPOSABLJANJA ZA KOLESARSKI IZPIT\" href=\"https:\/\/os-zagradec.si\/?p=7271\" >Preberi ve\u010d&#8230;<\/a><\/div><\/div><\/div><\/div><\/div><div class=\"ultp-loadmore\"><span class=\"ultp-loadmore-action\" tabindex=\"0\" role=\"button\" data-pages=\"49\" data-pagenum=\"1\"  data-expost=\"\" data-blockid=\"4fd2ae\" data-blockname=\"ultimate-post_post-list-3\" data-postid=\"433\" data-selfpostid=\"no\">Nalo\u017ei ve\u010d <span class=\"ultp-spin\"><svg xmlns=\"http:\/\/www.w3.org\/2000\/svg\" fill=\"none\" viewBox=\"0 0 24 24\">\n  <path stroke=\"currentColor\" stroke-linecap=\"round\" stroke-linejoin=\"round\" stroke-width=\"1.5\" d=\"M21 12a9 9 0 0 1-17 4.127M3 12a9 9 0 0 1 17-4.127M20 3v5h-5M4 21v-5h5\"\/>\n<\/svg>\n<\/span><\/span><\/div><\/div><div class=\"pagination-block-html\" aria-hidden=\"true\" style=\"display: none;\"><\/div><\/div>","protected":false},"excerpt":{"rendered":"<p>PREDSTAVITEV PROJEKTA AKTUALNE AKTIVNOSTI V PROJEKTU DDK Uspe\u0161no smo oddali in izdelali digitalno strategijo za O\u0160 Zagradec. Za na\u0161o razvojno prioriteto pri strokovnih delavcih smo izbrali \u2013 strokovno podporo za spodbujanje uporabe digitalne tehnologije, ki jo bomo realizirali preko izobra\u017eevanj v okviru dveh seminarjev za dvig DDK (MOOC \u2013 Moja digitalna identiteta, MOST (MOOC) \u2013 &hellip; <a href=\"https:\/\/os-zagradec.si\/?page_id=433\" class=\"more-link\">Preberi ve\u010d <span class=\"screen-reader-text\">DVIG DIGITALNIH KOMPETENC<\/span> <span class=\"meta-nav\">&rarr;<\/span><\/a><\/p>\n","protected":false},"author":1,"featured_media":0,"parent":0,"menu_order":0,"comment_status":"closed","ping_status":"closed","template":"","meta":{"footnotes":""},"class_list":["post-433","page","type-page","status-publish","hentry"],"_links":{"self":[{"href":"https:\/\/os-zagradec.si\/index.php?rest_route=\/wp\/v2\/pages\/433","targetHints":{"allow":["GET"]}}],"collection":[{"href":"https:\/\/os-zagradec.si\/index.php?rest_route=\/wp\/v2\/pages"}],"about":[{"href":"https:\/\/os-zagradec.si\/index.php?rest_route=\/wp\/v2\/types\/page"}],"author":[{"embeddable":true,"href":"https:\/\/os-zagradec.si\/index.php?rest_route=\/wp\/v2\/users\/1"}],"replies":[{"embeddable":true,"href":"https:\/\/os-zagradec.si\/index.php?rest_route=%2Fwp%2Fv2%2Fcomments&post=433"}],"version-history":[{"count":1,"href":"https:\/\/os-zagradec.si\/index.php?rest_route=\/wp\/v2\/pages\/433\/revisions"}],"predecessor-version":[{"id":1924,"href":"https:\/\/os-zagradec.si\/index.php?rest_route=\/wp\/v2\/pages\/433\/revisions\/1924"}],"wp:attachment":[{"href":"https:\/\/os-zagradec.si\/index.php?rest_route=%2Fwp%2Fv2%2Fmedia&parent=433"}],"curies":[{"name":"wp","href":"https:\/\/api.w.org\/{rel}","templated":true}]}}