{"id":4062,"date":"2024-01-07T09:56:29","date_gmt":"2024-01-07T09:56:29","guid":{"rendered":"https:\/\/os-zagradec.si\/?page_id=4062"},"modified":"2024-01-15T10:27:33","modified_gmt":"2024-01-15T10:27:33","slug":"prijava-v-solske-racune","status":"publish","type":"page","link":"https:\/\/os-zagradec.si\/?page_id=4062","title":{"rendered":"PRIJAVA V \u0160OLSKE RA\u010cUNE"},"content":{"rendered":"\n<p>V spodnjih prilponkah imate navodila za za\u010detno nastavitev \u0161olske elektronske po\u0161te in ponastavitev oz. nastavitev gesla za AAI prijavo.<\/p>\n\n\n\n<p>AAI prijavo potrebujete za prijavo v \u0161olske spletne u\u010dilnice in uporabo orodij Microsoft 365 (Word, Excel, Powerpoint, Teams&#8230;)<\/p>\n\n\n\n<div data-wp-interactive=\"core\/file\" class=\"wp-block-file\"><object data-wp-bind--hidden=\"!state.hasPdfPreview\" hidden class=\"wp-block-file__embed\" data=\"https:\/\/os-zagradec.si\/wp-content\/uploads\/2024\/01\/NAVODILA-ZA-AAI-PRIJAVE.pdf\" type=\"application\/pdf\" style=\"width:100%;height:600px\" aria-label=\"Vdelava NAVODILO ZA PRVO in NADALJNJE AAI PRIJAVE \"><\/object><a id=\"wp-block-file--media-97ded11b-b81c-44e4-a294-8d6966691a0c\" href=\"https:\/\/os-zagradec.si\/wp-content\/uploads\/2024\/01\/NAVODILA-ZA-AAI-PRIJAVE.pdf\">NAVODILO ZA PRVO in NADALJNJE AAI PRIJAVE <\/a><a href=\"https:\/\/os-zagradec.si\/wp-content\/uploads\/2024\/01\/NAVODILA-ZA-AAI-PRIJAVE.pdf\" class=\"wp-block-file__button wp-element-button\" download aria-describedby=\"wp-block-file--media-97ded11b-b81c-44e4-a294-8d6966691a0c\">Prenos<\/a><\/div>\n\n\n\n<div data-wp-interactive=\"core\/file\" class=\"wp-block-file\"><object data-wp-bind--hidden=\"!state.hasPdfPreview\" hidden class=\"wp-block-file__embed\" data=\"https:\/\/os-zagradec.si\/wp-content\/uploads\/2024\/01\/ARNES-POSTA-NAVODILA-UCENCI.pdf\" type=\"application\/pdf\" style=\"width:100%;height:600px\" aria-label=\"Vdelava ARNES-POSTA-NAVODILA-UCENCI\"><\/object><a id=\"wp-block-file--media-f8bbbdac-a6e8-4129-be54-1028ae808cc1\" href=\"https:\/\/os-zagradec.si\/wp-content\/uploads\/2024\/01\/ARNES-POSTA-NAVODILA-UCENCI.pdf\">ARNES-POSTA-NAVODILA-UCENCI<\/a><a href=\"https:\/\/os-zagradec.si\/wp-content\/uploads\/2024\/01\/ARNES-POSTA-NAVODILA-UCENCI.pdf\" class=\"wp-block-file__button wp-element-button\" download aria-describedby=\"wp-block-file--media-f8bbbdac-a6e8-4129-be54-1028ae808cc1\">Prenos<\/a><\/div>\n\n\n\n<div data-wp-interactive=\"core\/file\" class=\"wp-block-file\"><object data-wp-bind--hidden=\"!state.hasPdfPreview\" hidden class=\"wp-block-file__embed\" data=\"https:\/\/os-zagradec.si\/wp-content\/uploads\/2024\/01\/PONASTAVITEV-NASTAVITEV-GESLA-AAI-zadnje.pdf\" type=\"application\/pdf\" style=\"width:100%;height:600px\" aria-label=\"Vdelava PONASTAVITEV-NASTAVITEV-GESLA-AAI-zadnje\"><\/object><a id=\"wp-block-file--media-36493454-7f36-463f-84a7-b21bb37bcc60\" href=\"https:\/\/os-zagradec.si\/wp-content\/uploads\/2024\/01\/PONASTAVITEV-NASTAVITEV-GESLA-AAI-zadnje.pdf\">PONASTAVITEV-NASTAVITEV-GESLA-AAI-zadnje<\/a><a href=\"https:\/\/os-zagradec.si\/wp-content\/uploads\/2024\/01\/PONASTAVITEV-NASTAVITEV-GESLA-AAI-zadnje.pdf\" class=\"wp-block-file__button wp-element-button\" download aria-describedby=\"wp-block-file--media-36493454-7f36-463f-84a7-b21bb37bcc60\">Prenos<\/a><\/div>\n","protected":false},"excerpt":{"rendered":"<p>V spodnjih prilponkah imate navodila za za\u010detno nastavitev \u0161olske elektronske po\u0161te in ponastavitev oz. nastavitev gesla za AAI prijavo. AAI prijavo potrebujete za prijavo v \u0161olske spletne u\u010dilnice in uporabo orodij Microsoft 365 (Word, Excel, Powerpoint, Teams&#8230;)<\/p>\n","protected":false},"author":1,"featured_media":0,"parent":0,"menu_order":0,"comment_status":"closed","ping_status":"closed","template":"","meta":{"footnotes":""},"class_list":["post-4062","page","type-page","status-publish","hentry"],"_links":{"self":[{"href":"https:\/\/os-zagradec.si\/index.php?rest_route=\/wp\/v2\/pages\/4062","targetHints":{"allow":["GET"]}}],"collection":[{"href":"https:\/\/os-zagradec.si\/index.php?rest_route=\/wp\/v2\/pages"}],"about":[{"href":"https:\/\/os-zagradec.si\/index.php?rest_route=\/wp\/v2\/types\/page"}],"author":[{"embeddable":true,"href":"https:\/\/os-zagradec.si\/index.php?rest_route=\/wp\/v2\/users\/1"}],"replies":[{"embeddable":true,"href":"https:\/\/os-zagradec.si\/index.php?rest_route=%2Fwp%2Fv2%2Fcomments&post=4062"}],"version-history":[{"count":1,"href":"https:\/\/os-zagradec.si\/index.php?rest_route=\/wp\/v2\/pages\/4062\/revisions"}],"predecessor-version":[{"id":4088,"href":"https:\/\/os-zagradec.si\/index.php?rest_route=\/wp\/v2\/pages\/4062\/revisions\/4088"}],"wp:attachment":[{"href":"https:\/\/os-zagradec.si\/index.php?rest_route=%2Fwp%2Fv2%2Fmedia&parent=4062"}],"curies":[{"name":"wp","href":"https:\/\/api.w.org\/{rel}","templated":true}]}}