{"id":269,"date":"2022-10-17T09:14:24","date_gmt":"2022-10-17T09:14:24","guid":{"rendered":"https:\/\/staging.os-zagradec.si\/?page_id=269"},"modified":"2025-10-01T05:48:19","modified_gmt":"2025-10-01T05:48:19","slug":"anketa-za-starse","status":"publish","type":"page","link":"https:\/\/os-zagradec.si\/?page_id=269","title":{"rendered":"ANKETA 2024\/2025"},"content":{"rendered":"\n<div data-wp-interactive=\"core\/file\" class=\"wp-block-file\"><object data-wp-bind--hidden=\"!state.hasPdfPreview\" hidden class=\"wp-block-file__embed\" data=\"https:\/\/os-zagradec.si\/wp-content\/uploads\/2025\/10\/PRIMERJAVA-VPRASALNIKA-ZA-EVALVACIJO-STARSI-IN-STROKOVNI-DELAVCI-OS-ZAGRADEC.pdf\" type=\"application\/pdf\" style=\"width:100%;height:600px\" aria-label=\"Vdelava PRIMERJAVA VPRA\u0160ALNIKA ZA EVALVACIJO, STAR\u0160I IN STROKOVNI DELAVCI O\u0160 ZAGRADEC\"><\/object><a id=\"wp-block-file--media-0823cb96-8389-4e28-bda4-f90ebc928b9a\" href=\"https:\/\/os-zagradec.si\/wp-content\/uploads\/2025\/10\/PRIMERJAVA-VPRASALNIKA-ZA-EVALVACIJO-STARSI-IN-STROKOVNI-DELAVCI-OS-ZAGRADEC.pdf\">PRIMERJAVA VPRA\u0160ALNIKA ZA EVALVACIJO, STAR\u0160I IN STROKOVNI DELAVCI O\u0160 ZAGRADEC<\/a><a href=\"https:\/\/os-zagradec.si\/wp-content\/uploads\/2025\/10\/PRIMERJAVA-VPRASALNIKA-ZA-EVALVACIJO-STARSI-IN-STROKOVNI-DELAVCI-OS-ZAGRADEC.pdf\" class=\"wp-block-file__button wp-element-button\" download aria-describedby=\"wp-block-file--media-0823cb96-8389-4e28-bda4-f90ebc928b9a\">Prenos<\/a><\/div>\n","protected":false},"excerpt":{"rendered":"","protected":false},"author":1,"featured_media":0,"parent":0,"menu_order":0,"comment_status":"closed","ping_status":"closed","template":"","meta":{"footnotes":""},"class_list":["post-269","page","type-page","status-publish","hentry"],"_links":{"self":[{"href":"https:\/\/os-zagradec.si\/index.php?rest_route=\/wp\/v2\/pages\/269","targetHints":{"allow":["GET"]}}],"collection":[{"href":"https:\/\/os-zagradec.si\/index.php?rest_route=\/wp\/v2\/pages"}],"about":[{"href":"https:\/\/os-zagradec.si\/index.php?rest_route=\/wp\/v2\/types\/page"}],"author":[{"embeddable":true,"href":"https:\/\/os-zagradec.si\/index.php?rest_route=\/wp\/v2\/users\/1"}],"replies":[{"embeddable":true,"href":"https:\/\/os-zagradec.si\/index.php?rest_route=%2Fwp%2Fv2%2Fcomments&post=269"}],"version-history":[{"count":1,"href":"https:\/\/os-zagradec.si\/index.php?rest_route=\/wp\/v2\/pages\/269\/revisions"}],"predecessor-version":[{"id":6617,"href":"https:\/\/os-zagradec.si\/index.php?rest_route=\/wp\/v2\/pages\/269\/revisions\/6617"}],"wp:attachment":[{"href":"https:\/\/os-zagradec.si\/index.php?rest_route=%2Fwp%2Fv2%2Fmedia&parent=269"}],"curies":[{"name":"wp","href":"https:\/\/api.w.org\/{rel}","templated":true}]}}