{"id":186,"date":"2022-10-16T16:47:22","date_gmt":"2022-10-16T16:47:22","guid":{"rendered":"https:\/\/staging.os-zagradec.si\/?page_id=186"},"modified":"2022-11-06T09:08:49","modified_gmt":"2022-11-06T09:08:49","slug":"splosne-informacije","status":"publish","type":"page","link":"https:\/\/os-zagradec.si\/?page_id=186","title":{"rendered":"INFORMACIJE O \u0160OLI"},"content":{"rendered":"\n<p>Otvoritev nove stavbe P\u0160 Zagradec, podru\u017eni\u010dne \u0161ole O\u0160 Sti\u010dna, je bila junija leta 2015. <\/p>\n\n\n\n<p>Osnovna \u0161ola Zagradec pa deluje kot samostojna \u0161ola od 1. 9. 2021 dalje.<\/p>\n\n\n\n<p>Za kontaktne podatke \u0161ole glej zavihek KONTAKTI.<\/p>\n\n\n\n<h2 class=\"wp-block-heading\">\u0160E NEKAJ ZGODOVINE&#8230;<\/h2>\n\n\n<div class=\"wp-block-image\">\n<figure class=\"aligncenter size-large\"><img loading=\"lazy\" decoding=\"async\" width=\"1024\" height=\"576\" src=\"https:\/\/os-zagradec.si\/wp-content\/uploads\/2022\/11\/slika-1024x576.png\" alt=\"\" class=\"wp-image-1149\" srcset=\"https:\/\/os-zagradec.si\/wp-content\/uploads\/2022\/11\/slika-1024x576.png 1024w, https:\/\/os-zagradec.si\/wp-content\/uploads\/2022\/11\/slika-300x169.png 300w, https:\/\/os-zagradec.si\/wp-content\/uploads\/2022\/11\/slika-768x432.png 768w, https:\/\/os-zagradec.si\/wp-content\/uploads\/2022\/11\/slika-1536x864.png 1536w, https:\/\/os-zagradec.si\/wp-content\/uploads\/2022\/11\/slika-2048x1152.png 2048w\" sizes=\"auto, (max-width: 1024px) 100vw, 1024px\" \/><figcaption class=\"wp-element-caption\">Stara \u0161ola<\/figcaption><\/figure>\n<\/div>\n\n\n<p>Leta 1912\/13 je bila ustanovljena dvorazrednica, obiskovalo jo je 60 u\u010dencev, pou\u010deval je doma\u010din Franc Lobe. Januarja 1919 so ljudske \u0161ole podr\u017eavili, tako je tudi zagra\u0161ka postala dr\u017eavna in u\u010ditelji dr\u017eavni uradniki. Leta 1925 \u0161ola postane trirazrednica in osem let kasneje \u0161tirirazrednica. Leta 1938 je obnovljena \u0161olska stavba in \u0161ola postane petrazrednica. Prostora je premalo, zato je en razred v gasilskem domu.<\/p>\n\n\n\n<p>Za\u010detki \u0161olstva v Zagradcu segajo v sredino 19.stoletja. Najprej je bila cerkvena enorazrednica, nato \u0161ola v me\u017enariji in kasneje v gasilskem domu. U\u010ditelj je bil hkrati me\u017enar, cerkvenik in mrtvoglednik. Leta 1873 je bila me\u017enarija prenovljena v \u0161olsko poslopje.<\/p>\n\n\n\n<p>Od 1962 do 1965 je bila zagra\u0161ka \u0161ola podru\u017enica ambru\u0161ke \u0161ole. V \u0161olskem letu 1964\/ 65 pa postane podru\u017eni\u010dna \u0161ola O\u0160 Sti\u010dna. U\u010denci po kon\u010danem 4. razredu nadaljujejo \u0161olanje na centralni \u0161oli v samostanu Sti\u010dna, 6., 7., in 8. razred pa je obiskoval \u0161olo na Krki.<\/p>\n\n\n\n<p>Prvo pravo \u0161olsko poslopje je Zagradec dobil leta 1968. Otvoritev \u0161ole je bila 20. julija, pouk v novi \u0161oli se je za\u010del 5.septembra. &nbsp;Prvi &nbsp;u\u010ditelji, ki so pou\u010devali so bili: Gril \u0160tefka-2 leti,&nbsp; nato Valerija Zaletelj, Zofija Rogelj, Milena Ko\u0161\u010dak&nbsp; in Marjan Rupnik. \u0160tevilo u\u010dencev po razredih je bilo od 19 do 25 . Na \u0161oli je bilo 88 u\u010dencev v \u0161tirih razredih.&nbsp; Nato so \u0161olanje nadaljevali v O\u0160 Sti\u010dna, od 5. do 8. Razreda in sicer &nbsp;v samostanu v Sti\u010dni. U\u010denci so iz vasi prihajali do Zagradca pe\u0161 tudi ve\u010d kot 4 km. V Sti\u010dno so se vozili s \u0161olskimi avtobusi.<\/p>\n\n\n\n<p>Po letu 1968 je bila \u0161ola center \u0161tevilnih kulturnih dogodkov;&nbsp; prihod kurir\u010dkove po\u0161te, sprejem v pionir\u010dke, obisk dedka Mraza,\u2026 leta 1974 je prvi\u010d na \u0161olskem odru zaplesala folklorna skupina, ki jo je vodila Zofija Rogelj in zapel lovski pevski zbor pod vodstvom \u0160tefana Bi\u0161\u010dak. Urejena okolica \u0161ole je bila vzgled kraja.<\/p>\n\n\n\n<p>V letu 1979 se v slovenske vrtce za\u010dne uvajati vzgojni program. V \u0161olo so za\u010deli prihajati u\u010denci z razli\u010dnim predznanjem, zato se po \u0161olah uvaja skraj\u0161ana oblika priprave na \u0161olo \u2013 mala \u0161ola. Tako so se nekoliko zgladile razlike med u\u010denci, ki so bili v doma\u010dem varstvu in tistimi, ki so pri\u0161li iz vrtcev.<\/p>\n\n\n\n<p>\u0160olski sistem je do\u017eivel \u0161tevilne reforme in takoj po uvedbi male \u0161ole so se za\u010deli odvijati projekti za zgodnej\u0161i vstopu v \u0161olo. V kraju so se nadaljevala prizadevanja o dograditvi \u0161ole, ki naj bi bila osemrazrednica, kot je bilo prvotno v na\u010drtu.<\/p>\n\n\n\n<p>V \u0161olskem letu 2003\/04 se na vseh \u0161olah in tako tudi v Zagradcu za\u010dne devetletka. Zbornico smo preuredili v &nbsp;peto u\u010dilnico in pouk je potekal nemoteno. Obiskovalo ga je 72 u\u010dencev. Pou\u010devali so: Jo\u017eica Ferlin, Brigita Langenfus, Slavka Nahtigal, Anica Orel&nbsp; in Ciril Mi\u0161ma\u0161. &nbsp;Mo\u010dno pa se je spremenil dnevni red. Devetletka je prinesla zahteve po varstvu mlaj\u0161ih u\u010dencev. Na novo se organizira jutranje varstvo in podalj\u0161ano bivanje, spremstvo u\u010dencev na avtobus, poleg hladne malice \u0161e zajtrk in kosilo, ki ga pripravljajo na mati\u010dni \u0161oli v Sti\u010dni. \u0160olo obiskujejo \u0161tirje romski otroci. Imajo dodatno strokovno pomo\u010d. Pove\u010da se delo z nadarjenimi u\u010denci. Ure dodatne pomo\u010di izvajajo strokovni delavci, ki dopolnjujejo u\u010dno obveznost na ostalih podru\u017eni\u010dnih \u0161olah. Mlaj\u0161i u\u010denci so spremenili metode dela v \u0161oli. Ve\u010d igre in igra\u010d. Sprva so jih u\u010denci prinesli kar od doma, kasneje se zahtevajo kot nujni u\u010dni pripomo\u010dki. Dobili smo novo u\u010dno mo\u010d in okrepi se strokovno delo; profesorja \u0161portne vzgoje Bogdana Vrhovca in profesorico angle\u0161\u010dine&nbsp; Lucijo Zupan\u010di\u010d. Otro\u0161ki pevski zbor podru\u017eni\u010dne \u0161ole Zagradec z zborovodkinjo Slavko Nahtigal prvi\u010d nastopi na reviji pevskih zborov v \u0160entvidu pri Sti\u010dni. U\u010denci so vklju\u010deni v \u0161tevilne interesne dejavnosti; otro\u0161ki pevski zbor, dramski kro\u017eek, \u0161ah, rokomet, likovni in gibalni kro\u017eek, promet, angle\u0161\u010dina, ples in nogomet. U\u010denci se udele\u017eujejo \u0161olskih in ob\u010dinskih tekmovanj.<\/p>\n\n\n\n<p>Vklju\u010devanje star\u0161ev v \u0161olske dejavnosti o\u017eivi kulturno dogajanje v kraju. S \u0161olo dobro sodelujejo kulturno dru\u0161tvo, turisti\u010dno dru\u0161tvo, gasilci, odrasli pevski zbor in folklorna skupina. V oporo je krajevna skupnost, ki obnovi kulturni dom in rezultat sodelovanja so lepe kulturne prireditve&nbsp; in&nbsp; polna dvorana gledalcev.<\/p>\n\n\n\n<p>Leto 2013 pomeni veliko spremembo za \u0161olo Zagradec. Dolo\u010den je datum ru\u0161enja \u0161ole in selitev \u0161olskih prostorov. Dobili smo prostor za spravilo \u0161olske opreme v stari&nbsp; Globokarjevi hi\u0161i v Zagradcu, pouk pa smo septembra 2013\/14 pri\u010deli v prostorih srednje \u0161ole Josipa Jur\u010di\u010da&nbsp; v Ivan\u010dni Gorici. Obiskovalo ga je 60 u\u010dencev, pou\u010devali pa so: Bojana Mikli\u010d, Vanja Pe\u010dek Jano\u0161, Slavka Nahtigal, Alenka Pu\u0161- vsi razredni pouk ter Bogdan Vrhovec \u0161portno vzgojo, Barbara Tom\u0161e angle\u0161\u010dino in Anica Gr\u010dman&nbsp; podalj\u0161ano bivanje. U\u010denci se vozijo z avtobusi in kombiji iz vseh vasi \u0161olskega okoli\u0161a podru\u017eni\u010dne \u0161ole Zagradec, kar je te\u017eko za u\u010dence 1. \u2013&nbsp; 3.razreda. Hladno malico dobijo iz mati\u010dne \u0161ole, kosilo kuhajo v srednji \u0161oli Josipa Jur\u010di\u010da. U\u010ditelji imajo pove\u010dano varstvo in spremstvo voza\u010dev. Organizacija \u017eivljenja in dela na \u0161oli je specifi\u010dna. Z velikim navdu\u0161enjem &nbsp;smo pri\u010dakovali &nbsp;selitev nazaj v Zagradec.<\/p>\n\n\n\n<p>5. 6. 2015 je bila slovesna otvoritev nove \u0161ole in vrtca v Zagradcu. In pri\u0161el je dan, ki smo ga nestrpno pri\u010dakovali.<\/p>\n\n\n\n<p>1. 9. 2015 je bil prvi \u0161olski dan za 177 u\u010dencev iz Krke, Ambrusa in Zagradca v novi devetletni osnovni \u0161oli, ki je bila \u0161e vedno podru\u017enica&nbsp; Osnovne \u0161ole Sti\u010dna.<\/p>\n\n\n\n<p>Zapisala:&nbsp;Slavka Nahtigal, prof.&nbsp; RP<\/p>\n","protected":false},"excerpt":{"rendered":"<p>Otvoritev nove stavbe P\u0160 Zagradec, podru\u017eni\u010dne \u0161ole O\u0160 Sti\u010dna, je bila junija leta 2015. Osnovna \u0161ola Zagradec pa deluje kot samostojna \u0161ola od 1. 9. 2021 dalje. Za kontaktne podatke \u0161ole glej zavihek KONTAKTI. \u0160E NEKAJ ZGODOVINE&#8230; Leta 1912\/13 je bila ustanovljena dvorazrednica, obiskovalo jo je 60 u\u010dencev, pou\u010deval je doma\u010din Franc Lobe. Januarja 1919 &hellip; <a href=\"https:\/\/os-zagradec.si\/?page_id=186\" class=\"more-link\">Preberi ve\u010d <span class=\"screen-reader-text\">INFORMACIJE O \u0160OLI<\/span> <span class=\"meta-nav\">&rarr;<\/span><\/a><\/p>\n","protected":false},"author":1,"featured_media":0,"parent":0,"menu_order":0,"comment_status":"closed","ping_status":"closed","template":"","meta":{"footnotes":""},"class_list":["post-186","page","type-page","status-publish","hentry"],"_links":{"self":[{"href":"https:\/\/os-zagradec.si\/index.php?rest_route=\/wp\/v2\/pages\/186","targetHints":{"allow":["GET"]}}],"collection":[{"href":"https:\/\/os-zagradec.si\/index.php?rest_route=\/wp\/v2\/pages"}],"about":[{"href":"https:\/\/os-zagradec.si\/index.php?rest_route=\/wp\/v2\/types\/page"}],"author":[{"embeddable":true,"href":"https:\/\/os-zagradec.si\/index.php?rest_route=\/wp\/v2\/users\/1"}],"replies":[{"embeddable":true,"href":"https:\/\/os-zagradec.si\/index.php?rest_route=%2Fwp%2Fv2%2Fcomments&post=186"}],"version-history":[{"count":2,"href":"https:\/\/os-zagradec.si\/index.php?rest_route=\/wp\/v2\/pages\/186\/revisions"}],"predecessor-version":[{"id":1156,"href":"https:\/\/os-zagradec.si\/index.php?rest_route=\/wp\/v2\/pages\/186\/revisions\/1156"}],"wp:attachment":[{"href":"https:\/\/os-zagradec.si\/index.php?rest_route=%2Fwp%2Fv2%2Fmedia&parent=186"}],"curies":[{"name":"wp","href":"https:\/\/api.w.org\/{rel}","templated":true}]}}