{"id":1157,"date":"2022-11-06T10:13:37","date_gmt":"2022-11-06T10:13:37","guid":{"rendered":"https:\/\/os-zagradec.si\/?page_id=1157"},"modified":"2023-10-06T12:29:11","modified_gmt":"2023-10-06T12:29:11","slug":"prispevki-2","status":"publish","type":"page","link":"https:\/\/os-zagradec.si\/","title":{"rendered":""},"content":{"rendered":"<div  class=\"ultp-post-grid-block wp-block-ultimate-post-post-grid-3 ultp-block-2d626f\"><div class=\"ultp-block-wrapper\"><div class=\"ultp-loading\"><div class=\"ultp-loading-blocks\" style=\"width:100%;height:100%;\"><div style=\"left: 0;top: 0;animation-delay:0s;\"><\/div><div style=\"left: 21px;top: 0;animation-delay:0.125s;\"><\/div><div style=\"left: 42px;top: 0;animation-delay:0.25s;\"><\/div><div style=\"left: 0;top: 21px;animation-delay:0.875s;\"><\/div><div style=\"left: 42px;top: 21px;animation-delay:0.375s;\"><\/div><div style=\"left: 0;top: 42px;animation-delay:0.75s;\"><\/div><div style=\"left: 42px;top: 42px;animation-delay:0.625s;\"><\/div><div style=\"left: 21px;top: 42px;animation-delay:0.5s;\"><\/div><\/div><\/div><div class=\"ultp-heading-filter\"><div class=\"ultp-heading-filter-in\"><div class=\"ultp-heading-wrap ultp-heading-style10 ultp-heading-left\"><h1 class=\"ultp-heading-inner\"><span>VSE OBJAVE<\/span><\/h1><\/div><div class=\"ultp-filter-navigation\"><div class=\"ultp-filter-wrap\" data-taxtype=category data-blockid=\"2d626f\" data-blockname=\"ultimate-post_post-grid-3\" data-postid=\"1157\"data-selfpostid=\"no\"><ul class=\"ultp-flex-menu\" data-name=\"&nbsp;\"><li class=\"filter-item\"><a data-taxonomy=\"obvestila\" href=\"#\">OBVESTILA<\/a><\/li><li class=\"filter-item\"><a data-taxonomy=\"prispevki\" href=\"#\">PRISPEVKI<\/a><\/li><\/ul><\/div><\/div><\/div><\/div><div class=\"ultp-block-items-wrap ultp-block-row ultp-layout1 ultp-block-column1\"><div class=\"ultp-block-item post-id-7462\"><div class=\"ultp-block-content-wrap ultp-block-content-overlay\"><div class=\"ultp-block-image ultp-block-image-opacity ultp-block-image-overlay ultp-block-image-simgleGradient\"><a href=\"https:\/\/os-zagradec.si\/?p=7462\" ><img decoding=\"async\"  alt=\"No\u010d knjige 2026 na O\u0160 Zagradec: Po Jur\u010di\u010devih poteh \u2013 zgodbe na\u0161ih krajev\"  src=\"https:\/\/os-zagradec.si\/wp-content\/uploads\/2026\/04\/5igramacek-870x570.jpg\" \/><\/a><\/div><div class=\"ultp-block-content ultp-block-content-bottomPosition\"><div class=\"ultp-block-content-inner\"><div class=\"ultp-category-grid ultp-category-classic ultp-category-aboveTitle\"><div class=\"ultp-category-in\"><a class=\"ultp-cat-prispevki\" href=\"https:\/\/os-zagradec.si\/?cat=6\"  >PRISPEVKI<\/a><\/div><\/div><h4 class=\"ultp-block-title \"><a href=\"https:\/\/os-zagradec.si\/?p=7462\" >No\u010d knjige 2026 na O\u0160 Zagradec: Po Jur\u010di\u010devih poteh \u2013 zgodbe na\u0161ih krajev<\/a><\/h4><div class=\"ultp-block-meta ultp-block-meta-dot ultp-block-meta-noIcon\"><span class=\"ultp-block-date ultp-block-meta-element\">Apr 22, 2026<\/span><\/div><div class=\"ultp-block-excerpt\"><p>Na Osnovni \u0161oli Zagradec smo tudi v leto\u0161njem \u0161olskem letu pripravili priljubljeni dogodek No\u010d knjige, ki se je oz. bo zaradi izjemnega interesa u\u010dencev letos izvedel kar dvakrat \u2013 aprila in maja. Na&hellip;<\/p>\n<\/div><div class=\"ultp-block-readmore\"><a aria-label=\"No\u010d knjige 2026 na O\u0160 Zagradec: Po Jur\u010di\u010devih poteh \u2013 zgodbe na\u0161ih krajev\" href=\"https:\/\/os-zagradec.si\/?p=7462\" >Preberi ve\u010d&#8230;<svg xmlns=\"http:\/\/www.w3.org\/2000\/svg\" fill=\"none\" viewBox=\"0 0 24 24\">\n  <path stroke=\"currentColor\" stroke-linecap=\"round\" stroke-linejoin=\"round\" stroke-width=\"1.5\" d=\"M17.933 12.8a1 1 0 0 0 0-1.6L8.6 4.2A1 1 0 0 0 7 5v14a1 1 0 0 0 1.6.8l9.333-7Z\"\/>\n<\/svg>\n<\/a><\/div><\/div><\/div><\/div><\/div><div class=\"ultp-block-item post-id-7399\"><div class=\"ultp-block-content-wrap ultp-block-content-overlay\"><div class=\"ultp-block-image ultp-block-image-opacity ultp-block-image-overlay ultp-block-image-simgleGradient\"><a href=\"https:\/\/os-zagradec.si\/?p=7399\" ><img decoding=\"async\"  alt=\"OBMO\u010cNA REVIJA OTRO\u0160KIH IN MLADINSKIH PEVSKIH ZBOROV 2026\"  src=\"https:\/\/os-zagradec.si\/wp-content\/uploads\/2026\/04\/SLIKA-6-600x600.jpeg\" \/><\/a><\/div><div class=\"ultp-block-content ultp-block-content-bottomPosition\"><div class=\"ultp-block-content-inner\"><div class=\"ultp-category-grid ultp-category-classic ultp-category-aboveTitle\"><div class=\"ultp-category-in\"><a class=\"ultp-cat-prispevki\" href=\"https:\/\/os-zagradec.si\/?cat=6\"  >PRISPEVKI<\/a><\/div><\/div><h4 class=\"ultp-block-title \"><a href=\"https:\/\/os-zagradec.si\/?p=7399\" >OBMO\u010cNA REVIJA OTRO\u0160KIH IN MLADINSKIH PEVSKIH ZBOROV 2026<\/a><\/h4><div class=\"ultp-block-meta ultp-block-meta-dot ultp-block-meta-noIcon\"><span class=\"ultp-block-date ultp-block-meta-element\">Apr 16, 2026<\/span><\/div><div class=\"ultp-block-excerpt\"><p>V sredo, 8. aprila 2026, je Osnovna \u0161ola Sti\u010dna postala sredi\u0161\u010de glasbenega dogajanja, saj so gostili nepozabno&nbsp;obmo\u010dno revijo otro\u0161kih in mladinskih pevskih zborov. Odri so o\u017eiveli, dvorano pa je napolnil otro\u0161ki smeh in&hellip;<\/p>\n<\/div><div class=\"ultp-block-readmore\"><a aria-label=\"OBMO\u010cNA REVIJA OTRO\u0160KIH IN MLADINSKIH PEVSKIH ZBOROV 2026\" href=\"https:\/\/os-zagradec.si\/?p=7399\" >Preberi ve\u010d&#8230;<svg xmlns=\"http:\/\/www.w3.org\/2000\/svg\" fill=\"none\" viewBox=\"0 0 24 24\">\n  <path stroke=\"currentColor\" stroke-linecap=\"round\" stroke-linejoin=\"round\" stroke-width=\"1.5\" d=\"M17.933 12.8a1 1 0 0 0 0-1.6L8.6 4.2A1 1 0 0 0 7 5v14a1 1 0 0 0 1.6.8l9.333-7Z\"\/>\n<\/svg>\n<\/a><\/div><\/div><\/div><\/div><\/div><div class=\"ultp-block-item post-id-7295\"><div class=\"ultp-block-content-wrap ultp-block-content-overlay\"><div class=\"ultp-block-image ultp-block-image-opacity ultp-block-image-overlay ultp-block-image-simgleGradient\"><a href=\"https:\/\/os-zagradec.si\/?p=7295\" ><img decoding=\"async\"  alt=\"Bilo je naelektreno! \u010cetrto\u0161olci ukrotili elektriko na O\u0160 Zagradec\"  src=\"https:\/\/os-zagradec.si\/wp-content\/uploads\/2026\/04\/20260409_082904-600x600.jpg\" \/><\/a><\/div><div class=\"ultp-block-content ultp-block-content-bottomPosition\"><div class=\"ultp-block-content-inner\"><div class=\"ultp-category-grid ultp-category-classic ultp-category-aboveTitle\"><div class=\"ultp-category-in\"><a class=\"ultp-cat-prispevki\" href=\"https:\/\/os-zagradec.si\/?cat=6\"  >PRISPEVKI<\/a><\/div><\/div><h4 class=\"ultp-block-title \"><a href=\"https:\/\/os-zagradec.si\/?p=7295\" >Bilo je naelektreno! \u010cetrto\u0161olci ukrotili elektriko na O\u0160 Zagradec<\/a><\/h4><div class=\"ultp-block-meta ultp-block-meta-dot ultp-block-meta-noIcon\"><span class=\"ultp-block-date ultp-block-meta-element\">Apr 14, 2026<\/span><\/div><div class=\"ultp-block-excerpt\"><p>V \u010detrtek, 9. aprila, na O\u0160 Zagradec nismo potrebovali kave, da bi nas &#8220;prebudilo&#8221;. Energija je bila namre\u010d v zraku \u017ee od samega jutra! U\u010denci 4. razredov iz Zagradca, Krke in Ambrusa so&hellip;<\/p>\n<\/div><div class=\"ultp-block-readmore\"><a aria-label=\"Bilo je naelektreno! \u010cetrto\u0161olci ukrotili elektriko na O\u0160 Zagradec\" href=\"https:\/\/os-zagradec.si\/?p=7295\" >Preberi ve\u010d&#8230;<svg xmlns=\"http:\/\/www.w3.org\/2000\/svg\" fill=\"none\" viewBox=\"0 0 24 24\">\n  <path stroke=\"currentColor\" stroke-linecap=\"round\" stroke-linejoin=\"round\" stroke-width=\"1.5\" d=\"M17.933 12.8a1 1 0 0 0 0-1.6L8.6 4.2A1 1 0 0 0 7 5v14a1 1 0 0 0 1.6.8l9.333-7Z\"\/>\n<\/svg>\n<\/a><\/div><\/div><\/div><\/div><\/div><div class=\"ultp-block-item post-id-7291\"><div class=\"ultp-block-content-wrap ultp-block-content-overlay\"><div class=\"ultp-block-image ultp-block-image-opacity ultp-block-image-overlay ultp-block-image-simgleGradient\"><a href=\"https:\/\/os-zagradec.si\/?p=7291\" ><img decoding=\"async\"  alt=\"\u0160ola v naravi Cerkno 7. razredi\"  src=\"https:\/\/os-zagradec.si\/wp-content\/uploads\/2026\/04\/20260413_105740-600x600.jpg\" \/><\/a><\/div><div class=\"ultp-block-content ultp-block-content-bottomPosition\"><div class=\"ultp-block-content-inner\"><div class=\"ultp-category-grid ultp-category-classic ultp-category-aboveTitle\"><div class=\"ultp-category-in\"><a class=\"ultp-cat-prispevki\" href=\"https:\/\/os-zagradec.si\/?cat=6\"  >PRISPEVKI<\/a><\/div><\/div><h4 class=\"ultp-block-title \"><a href=\"https:\/\/os-zagradec.si\/?p=7291\" >\u0160ola v naravi Cerkno 7. razredi<\/a><\/h4><div class=\"ultp-block-meta ultp-block-meta-dot ultp-block-meta-noIcon\"><span class=\"ultp-block-date ultp-block-meta-element\">Apr 13, 2026<\/span><\/div><div class=\"ultp-block-excerpt\"><p>V ponedeljek pred kosilom smo spoznali center Cerkna preko &#8216;fotolova&#8217;, po kosilu pa smo imeli \u0161portne igre in fitnes na prostem. V torek je po odli\u010dnem zajtrku sledil dooolg pohod po okolici Cerknega,&hellip;<\/p>\n<\/div><div class=\"ultp-block-readmore\"><a aria-label=\"\u0160ola v naravi Cerkno 7. razredi\" href=\"https:\/\/os-zagradec.si\/?p=7291\" >Preberi ve\u010d&#8230;<svg xmlns=\"http:\/\/www.w3.org\/2000\/svg\" fill=\"none\" viewBox=\"0 0 24 24\">\n  <path stroke=\"currentColor\" stroke-linecap=\"round\" stroke-linejoin=\"round\" stroke-width=\"1.5\" d=\"M17.933 12.8a1 1 0 0 0 0-1.6L8.6 4.2A1 1 0 0 0 7 5v14a1 1 0 0 0 1.6.8l9.333-7Z\"\/>\n<\/svg>\n<\/a><\/div><\/div><\/div><\/div><\/div><div class=\"ultp-block-item post-id-7280\"><div class=\"ultp-block-content-wrap ultp-block-content-overlay\"><div class=\"ultp-block-image ultp-block-image-opacity ultp-block-image-overlay ultp-block-image-simgleGradient\"><a href=\"https:\/\/os-zagradec.si\/?p=7280\" ><img decoding=\"async\"  alt=\"RAZISKOVALNI DAN NA LJUBLJANSKEM BARJU\"  src=\"https:\/\/os-zagradec.si\/wp-content\/uploads\/2026\/04\/20260409_091638-600x600.jpg\" \/><\/a><\/div><div class=\"ultp-block-content ultp-block-content-bottomPosition\"><div class=\"ultp-block-content-inner\"><div class=\"ultp-category-grid ultp-category-classic ultp-category-aboveTitle\"><div class=\"ultp-category-in\"><a class=\"ultp-cat-prispevki\" href=\"https:\/\/os-zagradec.si\/?cat=6\"  >PRISPEVKI<\/a><\/div><\/div><h4 class=\"ultp-block-title \"><a href=\"https:\/\/os-zagradec.si\/?p=7280\" >RAZISKOVALNI DAN NA LJUBLJANSKEM BARJU<\/a><\/h4><div class=\"ultp-block-meta ultp-block-meta-dot ultp-block-meta-noIcon\"><span class=\"ultp-block-date ultp-block-meta-element\">Apr 10, 2026<\/span><\/div><div class=\"ultp-block-excerpt\"><p>V\u010deraj smo se peto\u0161olci odpravili na zanimiv izlet na Ljubljansko barje, kjer smo raziskovali posebnosti tega edinstvenega mo\u010dvirnatega obmo\u010dja. Pred nami se je razprostirala makadamska pot, zelen travnik, v daljavi pa se nam&hellip;<\/p>\n<\/div><div class=\"ultp-block-readmore\"><a aria-label=\"RAZISKOVALNI DAN NA LJUBLJANSKEM BARJU\" href=\"https:\/\/os-zagradec.si\/?p=7280\" >Preberi ve\u010d&#8230;<svg xmlns=\"http:\/\/www.w3.org\/2000\/svg\" fill=\"none\" viewBox=\"0 0 24 24\">\n  <path stroke=\"currentColor\" stroke-linecap=\"round\" stroke-linejoin=\"round\" stroke-width=\"1.5\" d=\"M17.933 12.8a1 1 0 0 0 0-1.6L8.6 4.2A1 1 0 0 0 7 5v14a1 1 0 0 0 1.6.8l9.333-7Z\"\/>\n<\/svg>\n<\/a><\/div><\/div><\/div><\/div><\/div><div class=\"ultp-block-item post-id-7271\"><div class=\"ultp-block-content-wrap ultp-block-content-overlay\"><div class=\"ultp-block-image ultp-block-image-opacity ultp-block-image-overlay ultp-block-image-simgleGradient\"><a href=\"https:\/\/os-zagradec.si\/?p=7271\" ><img decoding=\"async\"  alt=\"ZA\u010cETEK USPOSABLJANJA ZA KOLESARSKI IZPIT\"  src=\"https:\/\/os-zagradec.si\/wp-content\/uploads\/2026\/04\/20260410_120746-600x600.jpg\" \/><\/a><\/div><div class=\"ultp-block-content ultp-block-content-bottomPosition\"><div class=\"ultp-block-content-inner\"><div class=\"ultp-category-grid ultp-category-classic ultp-category-aboveTitle\"><div class=\"ultp-category-in\"><a class=\"ultp-cat-prispevki\" href=\"https:\/\/os-zagradec.si\/?cat=6\"  >PRISPEVKI<\/a><\/div><\/div><h4 class=\"ultp-block-title \"><a href=\"https:\/\/os-zagradec.si\/?p=7271\" >ZA\u010cETEK USPOSABLJANJA ZA KOLESARSKI IZPIT<\/a><\/h4><div class=\"ultp-block-meta ultp-block-meta-dot ultp-block-meta-noIcon\"><span class=\"ultp-block-date ultp-block-meta-element\">Apr 10, 2026<\/span><\/div><div class=\"ultp-block-excerpt\"><p>V preteklih dneh smo z u\u010denci za\u010deli usposabljanje za opravljanje kolesarskega izpita. Najprej so u\u010denci opravili teoreti\u010dni del, kjer so se seznanili s prometnimi pravili, prometnimi znaki ter varnim vedenjem v cestnem prometu.&hellip;<\/p>\n<\/div><div class=\"ultp-block-readmore\"><a aria-label=\"ZA\u010cETEK USPOSABLJANJA ZA KOLESARSKI IZPIT\" href=\"https:\/\/os-zagradec.si\/?p=7271\" >Preberi ve\u010d&#8230;<svg xmlns=\"http:\/\/www.w3.org\/2000\/svg\" fill=\"none\" viewBox=\"0 0 24 24\">\n  <path stroke=\"currentColor\" stroke-linecap=\"round\" stroke-linejoin=\"round\" stroke-width=\"1.5\" d=\"M17.933 12.8a1 1 0 0 0 0-1.6L8.6 4.2A1 1 0 0 0 7 5v14a1 1 0 0 0 1.6.8l9.333-7Z\"\/>\n<\/svg>\n<\/a><\/div><\/div><\/div><\/div><\/div><div class=\"ultp-block-item post-id-7261\"><div class=\"ultp-block-content-wrap ultp-block-content-overlay\"><div class=\"ultp-block-image ultp-block-image-opacity ultp-block-image-overlay ultp-block-image-simgleGradient\"><a href=\"https:\/\/os-zagradec.si\/?p=7261\" ><img decoding=\"async\"  alt=\"USTVARJALNE URE KVA\u010cKANJA \u2013 PRIDNE KR\u0160KE ROKE IN PETO\u0160OLCI\"  src=\"https:\/\/os-zagradec.si\/wp-content\/uploads\/2026\/04\/20260408_105754-600x600.jpg\" \/><\/a><\/div><div class=\"ultp-block-content ultp-block-content-bottomPosition\"><div class=\"ultp-block-content-inner\"><div class=\"ultp-category-grid ultp-category-classic ultp-category-aboveTitle\"><div class=\"ultp-category-in\"><a class=\"ultp-cat-prispevki\" href=\"https:\/\/os-zagradec.si\/?cat=6\"  >PRISPEVKI<\/a><\/div><\/div><h4 class=\"ultp-block-title \"><a href=\"https:\/\/os-zagradec.si\/?p=7261\" >USTVARJALNE URE KVA\u010cKANJA \u2013 PRIDNE KR\u0160KE ROKE IN PETO\u0160OLCI<\/a><\/h4><div class=\"ultp-block-meta ultp-block-meta-dot ultp-block-meta-noIcon\"><span class=\"ultp-block-date ultp-block-meta-element\">Apr 10, 2026<\/span><\/div><div class=\"ultp-block-excerpt\"><p>1. 4. 2026 in 8. 4. 2026 sta bila na na\u0161i \u0161oli prav posebna dneva. Obiskale so nas \u010dlanice skupine Pridne kr\u0161ke roke, ki deluje pod okriljem Turisti\u010dnega dru\u0161tva Krka, in u\u010dencem popestrile&hellip;<\/p>\n<\/div><div class=\"ultp-block-readmore\"><a aria-label=\"USTVARJALNE URE KVA\u010cKANJA \u2013 PRIDNE KR\u0160KE ROKE IN PETO\u0160OLCI\" href=\"https:\/\/os-zagradec.si\/?p=7261\" >Preberi ve\u010d&#8230;<svg xmlns=\"http:\/\/www.w3.org\/2000\/svg\" fill=\"none\" viewBox=\"0 0 24 24\">\n  <path stroke=\"currentColor\" stroke-linecap=\"round\" stroke-linejoin=\"round\" stroke-width=\"1.5\" d=\"M17.933 12.8a1 1 0 0 0 0-1.6L8.6 4.2A1 1 0 0 0 7 5v14a1 1 0 0 0 1.6.8l9.333-7Z\"\/>\n<\/svg>\n<\/a><\/div><\/div><\/div><\/div><\/div><div class=\"ultp-block-item post-id-7248\"><div class=\"ultp-block-content-wrap ultp-block-content-overlay\"><div class=\"ultp-block-image ultp-block-image-opacity ultp-block-image-overlay ultp-block-image-simgleGradient\"><a href=\"https:\/\/os-zagradec.si\/?p=7248\" ><img decoding=\"async\"  alt=\"\u010carobni gozd na P\u0160 Krka\"  src=\"https:\/\/os-zagradec.si\/wp-content\/uploads\/2026\/04\/20260331_125312-600x600.jpg\" \/><\/a><\/div><div class=\"ultp-block-content ultp-block-content-bottomPosition\"><div class=\"ultp-block-content-inner\"><div class=\"ultp-category-grid ultp-category-classic ultp-category-aboveTitle\"><div class=\"ultp-category-in\"><a class=\"ultp-cat-prispevki\" href=\"https:\/\/os-zagradec.si\/?cat=6\"  >PRISPEVKI<\/a><\/div><\/div><h4 class=\"ultp-block-title \"><a href=\"https:\/\/os-zagradec.si\/?p=7248\" >\u010carobni gozd na P\u0160 Krka<\/a><\/h4><div class=\"ultp-block-meta ultp-block-meta-dot ultp-block-meta-noIcon\"><span class=\"ultp-block-date ultp-block-meta-element\">Apr 3, 2026<\/span><\/div><div class=\"ultp-block-excerpt\"><p>V torek, 31. 3. 2026, se je telovadnica podru\u017eni\u010dne \u0161ole Krka spremenila v pravi \u010darobni gozd. Obiskali so nas \u0161krat Kuzma, njegovi prijatelji in gozdne \u017eivali. Skupaj so nam zapeli in zaplesali ter&hellip;<\/p>\n<\/div><div class=\"ultp-block-readmore\"><a aria-label=\"\u010carobni gozd na P\u0160 Krka\" href=\"https:\/\/os-zagradec.si\/?p=7248\" >Preberi ve\u010d&#8230;<svg xmlns=\"http:\/\/www.w3.org\/2000\/svg\" fill=\"none\" viewBox=\"0 0 24 24\">\n  <path stroke=\"currentColor\" stroke-linecap=\"round\" stroke-linejoin=\"round\" stroke-width=\"1.5\" d=\"M17.933 12.8a1 1 0 0 0 0-1.6L8.6 4.2A1 1 0 0 0 7 5v14a1 1 0 0 0 1.6.8l9.333-7Z\"\/>\n<\/svg>\n<\/a><\/div><\/div><\/div><\/div><\/div><div class=\"ultp-block-item post-id-7238\"><div class=\"ultp-block-content-wrap ultp-block-content-overlay\"><div class=\"ultp-block-image ultp-block-image-opacity ultp-block-image-overlay ultp-block-image-simgleGradient\"><a href=\"https:\/\/os-zagradec.si\/?p=7238\" ><img decoding=\"async\"  alt=\"ANGLE\u0160KA VELIKONO\u010cNA DELAVNICA NA P\u0160 KRKA\"  src=\"https:\/\/os-zagradec.si\/wp-content\/uploads\/2026\/04\/skriti-zaklad_cokoladna-jajcka-600x600.jpg\" \/><\/a><\/div><div class=\"ultp-block-content ultp-block-content-bottomPosition\"><div class=\"ultp-block-content-inner\"><div class=\"ultp-category-grid ultp-category-classic ultp-category-aboveTitle\"><div class=\"ultp-category-in\"><a class=\"ultp-cat-prispevki\" href=\"https:\/\/os-zagradec.si\/?cat=6\"  >PRISPEVKI<\/a><\/div><\/div><h4 class=\"ultp-block-title \"><a href=\"https:\/\/os-zagradec.si\/?p=7238\" >ANGLE\u0160KA VELIKONO\u010cNA DELAVNICA NA P\u0160 KRKA<\/a><\/h4><div class=\"ultp-block-meta ultp-block-meta-dot ultp-block-meta-noIcon\"><span class=\"ultp-block-date ultp-block-meta-element\">Apr 3, 2026<\/span><\/div><div class=\"ultp-block-excerpt\"><p>Velikono\u010dne delavnice so priljubljena predprazni\u010dna dejavnost, ki zdru\u017euje ustvarjalnost, sodelovanje in spoznavanje tradicije. V sredo, 1. aprila, smo na P\u0160 Krka z u\u010denci 4. in 5. razredov v okviru interesne dejavnosti izvedli angle\u0161ko&hellip;<\/p>\n<\/div><div class=\"ultp-block-readmore\"><a aria-label=\"ANGLE\u0160KA VELIKONO\u010cNA DELAVNICA NA P\u0160 KRKA\" href=\"https:\/\/os-zagradec.si\/?p=7238\" >Preberi ve\u010d&#8230;<svg xmlns=\"http:\/\/www.w3.org\/2000\/svg\" fill=\"none\" viewBox=\"0 0 24 24\">\n  <path stroke=\"currentColor\" stroke-linecap=\"round\" stroke-linejoin=\"round\" stroke-width=\"1.5\" d=\"M17.933 12.8a1 1 0 0 0 0-1.6L8.6 4.2A1 1 0 0 0 7 5v14a1 1 0 0 0 1.6.8l9.333-7Z\"\/>\n<\/svg>\n<\/a><\/div><\/div><\/div><\/div><\/div><div class=\"ultp-block-item post-id-7219\"><div class=\"ultp-block-content-wrap ultp-block-content-overlay\"><div class=\"ultp-block-image ultp-block-image-opacity ultp-block-image-overlay ultp-block-image-simgleGradient\"><a href=\"https:\/\/os-zagradec.si\/?p=7219\" ><img decoding=\"async\"  alt=\"LIKOVNA RAZSTAVA U\u010cENCEV O\u0160 STI\u010cNA IN O\u0160 ZAGRADEC V KNJI\u017dNICI IVAN\u010cNA GORICA &#8211; APRIL 2026\"  src=\"https:\/\/os-zagradec.si\/wp-content\/uploads\/2026\/04\/2-600x597.jpg\" \/><\/a><\/div><div class=\"ultp-block-content ultp-block-content-bottomPosition\"><div class=\"ultp-block-content-inner\"><div class=\"ultp-category-grid ultp-category-classic ultp-category-aboveTitle\"><div class=\"ultp-category-in\"><a class=\"ultp-cat-prispevki\" href=\"https:\/\/os-zagradec.si\/?cat=6\"  >PRISPEVKI<\/a><\/div><\/div><h4 class=\"ultp-block-title \"><a href=\"https:\/\/os-zagradec.si\/?p=7219\" >LIKOVNA RAZSTAVA U\u010cENCEV O\u0160 STI\u010cNA IN O\u0160 ZAGRADEC V KNJI\u017dNICI IVAN\u010cNA GORICA &#8211; APRIL 2026<\/a><\/h4><div class=\"ultp-block-meta ultp-block-meta-dot ultp-block-meta-noIcon\"><span class=\"ultp-block-date ultp-block-meta-element\">Apr 3, 2026<\/span><\/div><div class=\"ultp-block-excerpt\"><p>150 LET OD SMRTI PISATELJA HANSA CHRISTIANA ANDERSENA MENTORJA: ANKA \u0160VIGELJ KO\u017dELJ IN LUKA GLUVI\u0106 SODELUJO\u010cI U\u010cENCI O\u0160 ZAGRADEC: Ana Ko\u0161\u010dak, Brina Ale\u0161, Ela Planinc, Vid Vidrih, Nina Perko, Zara Brulc, Mija Bla\u017ei\u010d,&hellip;<\/p>\n<\/div><div class=\"ultp-block-readmore\"><a aria-label=\"LIKOVNA RAZSTAVA U\u010cENCEV O\u0160 STI\u010cNA IN O\u0160 ZAGRADEC V KNJI\u017dNICI IVAN\u010cNA GORICA &#8211; APRIL 2026\" href=\"https:\/\/os-zagradec.si\/?p=7219\" >Preberi ve\u010d&#8230;<svg xmlns=\"http:\/\/www.w3.org\/2000\/svg\" fill=\"none\" viewBox=\"0 0 24 24\">\n  <path stroke=\"currentColor\" stroke-linecap=\"round\" stroke-linejoin=\"round\" stroke-width=\"1.5\" d=\"M17.933 12.8a1 1 0 0 0 0-1.6L8.6 4.2A1 1 0 0 0 7 5v14a1 1 0 0 0 1.6.8l9.333-7Z\"\/>\n<\/svg>\n<\/a><\/div><\/div><\/div><\/div><\/div><\/div><div class=\"ultp-next-prev-wrap\" data-pages=\"25\" data-pagenum=\"1\" data-blockid=\"2d626f\" data-blockname=\"ultimate-post_post-grid-3\" data-expost=\"\" data-postid=\"1157\" data-selfpostid=\"no\"><ul><li><a class=\"ultp-prev-action ultp-disable\" href=\"#\"><svg xmlns=\"http:\/\/www.w3.org\/2000\/svg\" fill=\"none\" viewBox=\"0 0 24 24\">\n  <path stroke=\"currentColor\" stroke-linecap=\"round\" stroke-linejoin=\"round\" stroke-width=\"1.5\" d=\"m15 18-6-6 6-6\"\/>\n<\/svg>\n<span class=\"screen-reader-text\">Previous<\/span><\/a><\/li><li><a class=\"ultp-next-action\"><svg xmlns=\"http:\/\/www.w3.org\/2000\/svg\" fill=\"none\" viewBox=\"0 0 24 24\">\n  <path stroke=\"currentColor\" stroke-linecap=\"round\" stroke-linejoin=\"round\" stroke-width=\"1.5\" d=\"m9 18 6-6-6-6\"\/>\n<\/svg>\n<span class=\"screen-reader-text\">Next<\/span><\/a><\/li><\/ul><\/div><\/div><div class=\"pagination-block-html\" aria-hidden=\"true\" style=\"display: none;\"><\/div><\/div>","protected":false},"excerpt":{"rendered":"","protected":false},"author":1,"featured_media":0,"parent":0,"menu_order":0,"comment_status":"closed","ping_status":"closed","template":"","meta":{"footnotes":""},"class_list":["post-1157","page","type-page","status-publish","hentry"],"_links":{"self":[{"href":"https:\/\/os-zagradec.si\/index.php?rest_route=\/wp\/v2\/pages\/1157","targetHints":{"allow":["GET"]}}],"collection":[{"href":"https:\/\/os-zagradec.si\/index.php?rest_route=\/wp\/v2\/pages"}],"about":[{"href":"https:\/\/os-zagradec.si\/index.php?rest_route=\/wp\/v2\/types\/page"}],"author":[{"embeddable":true,"href":"https:\/\/os-zagradec.si\/index.php?rest_route=\/wp\/v2\/users\/1"}],"replies":[{"embeddable":true,"href":"https:\/\/os-zagradec.si\/index.php?rest_route=%2Fwp%2Fv2%2Fcomments&post=1157"}],"version-history":[{"count":2,"href":"https:\/\/os-zagradec.si\/index.php?rest_route=\/wp\/v2\/pages\/1157\/revisions"}],"predecessor-version":[{"id":3602,"href":"https:\/\/os-zagradec.si\/index.php?rest_route=\/wp\/v2\/pages\/1157\/revisions\/3602"}],"wp:attachment":[{"href":"https:\/\/os-zagradec.si\/index.php?rest_route=%2Fwp%2Fv2%2Fmedia&parent=1157"}],"curies":[{"name":"wp","href":"https:\/\/api.w.org\/{rel}","templated":true}]}}